{"id":1590,"date":"2014-05-14T13:17:40","date_gmt":"2014-05-14T13:17:40","guid":{"rendered":"http:\/\/www.blog-sejour-linguistique.fr\/sejours-linguistiques\/?page_id=1590"},"modified":"2014-05-14T13:17:52","modified_gmt":"2014-05-14T13:17:52","slug":"sejours-linguistiques-a-malte","status":"publish","type":"page","link":"http:\/\/www.blog-sejour-linguistique.fr\/sejours-linguistiques\/informations-pratiques\/sejours-linguistiques-a-malte\/","title":{"rendered":"S\u00e9jours linguistiques \u00e0 Malte"},"content":{"rendered":"<p><a href=\"http:\/\/www.activa-langues.com\/fr\/sejour-linguistique-a-malte\/\" target=\"_blank\"><img loading=\"lazy\" decoding=\"async\" class=\"aligncenter size-full wp-image-807\" title=\"malte1\" src=\"http:\/\/www.blog-sejour-linguistique.fr\/sejours-linguistiques\/wp-content\/uploads\/2009\/01\/malte1.jpg\" alt=\"malte1\" width=\"630\" height=\"100\" srcset=\"http:\/\/www.blog-sejour-linguistique.fr\/sejours-linguistiques\/wp-content\/uploads\/2009\/01\/malte1.jpg 630w, http:\/\/www.blog-sejour-linguistique.fr\/sejours-linguistiques\/wp-content\/uploads\/2009\/01\/malte1-300x47.jpg 300w\" sizes=\"auto, (max-width: 630px) 100vw, 630px\" \/><br \/>\n<\/a><\/p>\n<h3>Le bus<\/h3>\n<p style=\"padding-left: 30px;\">La seule possibilit\u00e9 de transport en commun sur l&rsquo;\u00eele est le bus. La gare d&rsquo;autobus se situe \u00e0 La Valette et de l\u00e0 partent tous les autobus desservant tous les recoins de l&rsquo;\u00eele. En \u00e9t\u00e9, il y a plus de bus et ils circulent jusqu&rsquo;\u00e0 des heures plus avanc\u00e9es le soir.<br \/>\nLes autobus circulent r\u00e9guli\u00e8rement entre 5h30 et 22h30 (en p\u00e9riode estivale plus tard). Le quartier de Paceville est plus desservi en \u00e9t\u00e9.<br \/>\nCertaines lignes de bus peuvent \u00e9galement circuler jusqu&rsquo;\u00e0 23 heures, voire m\u00eame jusqu&rsquo;\u00e0 3 heures du matin. Les tickets de bus sont peu chers. Malte est divis\u00e9e en 3 zones tarifaires. Le tarif se calcule en comptant le nombre de zones diff\u00e9rentes travers\u00e9es. Le tarif minimum est de 0,15 Livres maltaises soit environ 0,40\u20ac. Vous serez rarement amen\u00e9 \u00e0 payer plus de 0,40 Livres maltaises soit plus d&rsquo;1\u20ac. Les bus de nuit co\u00fbtent un peu plus cher mais pas plus de 0,75 Livres maltaises. Vous pouvez acheter les tickets de bus directement au chauffeur ou bien dans des machines automatiques \u00e0 billets. Les lignes de bus les plus fr\u00e9quent\u00e9es circulent toutes les 15 minutes. Vous pouvez obtenir des plans de bus soit en demandant directement aux agences de bus ou bien vous pourrez les trouver dans les bus ou bien aux r\u00e9ceptions des h\u00f4tels. Vous pouvez \u00e9galement vous adresser aux offices du tourisme.<br \/>\nNous vous conseillons de pr\u00e9parer votre monnaie pour payer le ticket d&rsquo;avance car il arrive tr\u00e8s souvent que le chauffeur ne puisse pas vous rendre la monnaie. Certains chauffeurs n&rsquo;acceptent pas de billet.<br \/>\nAu moment de descendre du bus, veillez bien \u00e0 tirer sur le cordon enclenchant une sonnette pour pr\u00e9venir le chauffeur que vous allez bient\u00f4t descendre.<br \/>\nFaite surtout tr\u00e8s attention en descendant du bus \u00e0 la circulation venant de gauche. L&rsquo;\u00eele de Malte est plut\u00f4t bien desservie par les bus. Par contre, il y a tr\u00e8s peu de bus circulant sur l&rsquo;\u00eele de Gozo.<\/p>\n<h3>Le taxi<\/h3>\n<p style=\"padding-left: 30px;\">Vous pouvez aussi tr\u00e8s bien prendre un taxi. Cependant, c&rsquo;est un moyen de transport tr\u00e8s co\u00fbteux. Les taxis se trouvent essentiellement \u00e0 proximit\u00e9 de l&rsquo;a\u00e9roport et dans la capitale La Valette. Le tarif de base est de 1,50 Livres maltaises. Pour tout kilom\u00e8tre suppl\u00e9mentaire, vous devrez payer 0,30 Livres maltaises. Nous vous sugg\u00e9rons fortement de n\u00e9gocier le tarif avec le chauffeur de taxi avant de partir. Pour certains trajets, des tarifs fixes existent. Nous vous conseillons de vous renseigner.<\/p>\n<h3>Les taxis group\u00e9s<\/h3>\n<p style=\"padding-left: 30px;\">Les taxis group\u00e9s qui partent de lieux bien pr\u00e9cis sont plus rentables. Dans les centrales g\u00e9rant les taxis, vous devrez payer de 0,75 Livres maltaises \u00e0 1 Livre maltaise soit environ 1,80-2,50\u20ac. Les taxis group\u00e9s circulent essentiellement dans les zones tr\u00e8s fr\u00e9quent\u00e9es de l&rsquo;\u00eele. Il peut arriver que vous attendiez assez longtemps avant qu&rsquo;un taxi se remplisse compl\u00e8tement. La plupart des centrales de taxis group\u00e9s offre des petites salles d&rsquo;attentes \u00e9quip\u00e9es de machines \u00e0 boissons et de tables de billard pour \u00e9viter que les touristes ne s&rsquo;ennuient en attendant.<\/p>\n<h3>Le ferry<\/h3>\n<p style=\"padding-left: 30px;\">Afin d&rsquo;aller d&rsquo;une \u00eele \u00e0 l&rsquo;autre, vous serez amen\u00e9 \u00e0 prendre le ferry. Les ferrys partent de tous les ports maltais. Nous vous conseillons de vous renseignez sur les prix pratiqu\u00e9s par les diff\u00e9rentes compagnies de ferry.<\/p>\n<h3>Les cal\u00e8ches<\/h3>\n<p style=\"padding-left: 30px;\">Vous aurez l&rsquo;opportunit\u00e9 de d\u00e9couvrir tranquillement la capitale en vous promenant dans une cal\u00e8che. Le tarif de location est compris g\u00e9n\u00e9ralement entre 6 et 8 Livres maltaises pour une promenade d&rsquo;environ 40 minutes. L\u00e0 encore, n&rsquo;oubliez pas de n\u00e9gocier les prix avec le conducteur.<\/p>\n<!-- AddThis Advanced Settings generic via filter on the_content --><!-- AddThis Share Buttons generic via filter on the_content -->","protected":false},"excerpt":{"rendered":"<p>Le bus La seule possibilit\u00e9 de transport en commun sur l&rsquo;\u00eele est le bus. La gare d&rsquo;autobus se situe \u00e0 La Valette et de l\u00e0 partent tous les autobus desservant tous les recoins de l&rsquo;\u00eele. En \u00e9t\u00e9, il y a <a class=\"more-link\" href=\"http:\/\/www.blog-sejour-linguistique.fr\/sejours-linguistiques\/informations-pratiques\/sejours-linguistiques-a-malte\/\">Continuer la lecture <span class=\"screen-reader-text\">  S\u00e9jours linguistiques \u00e0 Malte<\/span><span class=\"meta-nav\">&rarr;<\/span><\/a><!-- AddThis Advanced Settings generic via filter on get_the_excerpt --><!-- AddThis Share Buttons generic via filter on get_the_excerpt --><\/p>\n","protected":false},"author":1,"featured_media":0,"parent":1583,"menu_order":0,"comment_status":"open","ping_status":"open","template":"","meta":{"ngg_post_thumbnail":0,"footnotes":""},"class_list":["post-1590","page","type-page","status-publish","hentry"],"_links":{"self":[{"href":"http:\/\/www.blog-sejour-linguistique.fr\/sejours-linguistiques\/wp-json\/wp\/v2\/pages\/1590","targetHints":{"allow":["GET"]}}],"collection":[{"href":"http:\/\/www.blog-sejour-linguistique.fr\/sejours-linguistiques\/wp-json\/wp\/v2\/pages"}],"about":[{"href":"http:\/\/www.blog-sejour-linguistique.fr\/sejours-linguistiques\/wp-json\/wp\/v2\/types\/page"}],"author":[{"embeddable":true,"href":"http:\/\/www.blog-sejour-linguistique.fr\/sejours-linguistiques\/wp-json\/wp\/v2\/users\/1"}],"replies":[{"embeddable":true,"href":"http:\/\/www.blog-sejour-linguistique.fr\/sejours-linguistiques\/wp-json\/wp\/v2\/comments?post=1590"}],"version-history":[{"count":1,"href":"http:\/\/www.blog-sejour-linguistique.fr\/sejours-linguistiques\/wp-json\/wp\/v2\/pages\/1590\/revisions"}],"predecessor-version":[{"id":1591,"href":"http:\/\/www.blog-sejour-linguistique.fr\/sejours-linguistiques\/wp-json\/wp\/v2\/pages\/1590\/revisions\/1591"}],"up":[{"embeddable":true,"href":"http:\/\/www.blog-sejour-linguistique.fr\/sejours-linguistiques\/wp-json\/wp\/v2\/pages\/1583"}],"wp:attachment":[{"href":"http:\/\/www.blog-sejour-linguistique.fr\/sejours-linguistiques\/wp-json\/wp\/v2\/media?parent=1590"}],"curies":[{"name":"wp","href":"https:\/\/api.w.org\/{rel}","templated":true}]}}