{"id":1594,"date":"2014-05-14T13:19:43","date_gmt":"2014-05-14T13:19:43","guid":{"rendered":"http:\/\/www.blog-sejour-linguistique.fr\/sejours-linguistiques\/?page_id=1594"},"modified":"2014-05-14T13:19:43","modified_gmt":"2014-05-14T13:19:43","slug":"sejours-linguistiques-au-canada","status":"publish","type":"page","link":"http:\/\/www.blog-sejour-linguistique.fr\/sejours-linguistiques\/informations-pratiques\/sejours-linguistiques-au-canada\/","title":{"rendered":"S\u00e9jours linguistiques au Canada"},"content":{"rendered":"<h2><a href=\"http:\/\/www.activa-langues.com\/fr\/sejour-linguistique-au-canada\/\" target=\"_blank\"><img loading=\"lazy\" decoding=\"async\" class=\"aligncenter size-full wp-image-809\" title=\"canada1\" src=\"http:\/\/www.blog-sejour-linguistique.fr\/sejours-linguistiques\/wp-content\/uploads\/2009\/01\/canada1.jpg\" alt=\"canada1\" width=\"630\" height=\"100\" srcset=\"http:\/\/www.blog-sejour-linguistique.fr\/sejours-linguistiques\/wp-content\/uploads\/2009\/01\/canada1.jpg 630w, http:\/\/www.blog-sejour-linguistique.fr\/sejours-linguistiques\/wp-content\/uploads\/2009\/01\/canada1-300x47.jpg 300w\" sizes=\"auto, (max-width: 630px) 100vw, 630px\" \/><\/a><\/h2>\n<h2><a href=\"http:\/\/www.activa-langues.com\/fr\/sejour-linguistique-au-canada\/toronto\/\" target=\"_blank\">Transports en commun \u00e0 Toronto<\/a><\/h2>\n<p style=\"padding-left: 30px;\">Pour les Transports en commun Toronto le carnet de 10 tickets est a 20$, sinon le trajet \u00e0 l\u2019unit\u00e9 est \u00e0 2.50$ (pas de tarif \u00e9tudiant). L\u2019abonnement mensuel est cher (100$ environ). Il faut faire l\u2019appoint quand vous prenez le bus\/m\u00e9tro\/tram (streetcar) : vous mettez 2.50$ dans une bo\u00eete a laquelle le conducteur\/agent n\u2019a pas acc\u00e8s, donc pas possible de rendre la monnaie, et c\u2019est tout : pas de billet ! Par contre si vous avez besoin d\u2019une correspondance, prenez un ticket \u00ab transfert \u00bb a l\u2019endroit ou vous entrez sur le r\u00e9seau (bus\/tram : demandez au chauffeur, m\u00e9tro : appuyer sur le bouton de la grosse machine rouge : P).<\/p>\n<h2><a href=\"http:\/\/www.activa-langues.com\/fr\/sejour-linguistique-au-canada\/vancouver\/\" target=\"_blank\">Transports en commun \u00e0 Vancouver<\/a><\/h2>\n<p style=\"padding-left: 30px;\">Un ticket de bus\/skytrain zone 1 co\u00fbte 2.25$ et est valable 1H30.<br \/>\nUn carnet de 10 tickets 18.<br \/>\nVancouver est divis\u00e9e en 3 zones, c&rsquo;est \u00e0 dire que plus vous vous \u00e9loignez de la zone 1 plus le prix du ticket augmente&#8230;<\/p>\n<!-- AddThis Advanced Settings generic via filter on the_content --><!-- AddThis Share Buttons generic via filter on the_content -->","protected":false},"excerpt":{"rendered":"<p>Transports en commun \u00e0 Toronto Pour les Transports en commun Toronto le carnet de 10 tickets est a 20$, sinon le trajet \u00e0 l\u2019unit\u00e9 est \u00e0 2.50$ (pas de tarif \u00e9tudiant). L\u2019abonnement mensuel est cher (100$ environ). Il faut faire <a class=\"more-link\" href=\"http:\/\/www.blog-sejour-linguistique.fr\/sejours-linguistiques\/informations-pratiques\/sejours-linguistiques-au-canada\/\">Continuer la lecture <span class=\"screen-reader-text\">  S\u00e9jours linguistiques au Canada<\/span><span class=\"meta-nav\">&rarr;<\/span><\/a><!-- AddThis Advanced Settings generic via filter on get_the_excerpt --><!-- AddThis Share Buttons generic via filter on get_the_excerpt --><\/p>\n","protected":false},"author":1,"featured_media":0,"parent":1583,"menu_order":0,"comment_status":"open","ping_status":"open","template":"","meta":{"ngg_post_thumbnail":0,"footnotes":""},"class_list":["post-1594","page","type-page","status-publish","hentry"],"_links":{"self":[{"href":"http:\/\/www.blog-sejour-linguistique.fr\/sejours-linguistiques\/wp-json\/wp\/v2\/pages\/1594","targetHints":{"allow":["GET"]}}],"collection":[{"href":"http:\/\/www.blog-sejour-linguistique.fr\/sejours-linguistiques\/wp-json\/wp\/v2\/pages"}],"about":[{"href":"http:\/\/www.blog-sejour-linguistique.fr\/sejours-linguistiques\/wp-json\/wp\/v2\/types\/page"}],"author":[{"embeddable":true,"href":"http:\/\/www.blog-sejour-linguistique.fr\/sejours-linguistiques\/wp-json\/wp\/v2\/users\/1"}],"replies":[{"embeddable":true,"href":"http:\/\/www.blog-sejour-linguistique.fr\/sejours-linguistiques\/wp-json\/wp\/v2\/comments?post=1594"}],"version-history":[{"count":1,"href":"http:\/\/www.blog-sejour-linguistique.fr\/sejours-linguistiques\/wp-json\/wp\/v2\/pages\/1594\/revisions"}],"predecessor-version":[{"id":1595,"href":"http:\/\/www.blog-sejour-linguistique.fr\/sejours-linguistiques\/wp-json\/wp\/v2\/pages\/1594\/revisions\/1595"}],"up":[{"embeddable":true,"href":"http:\/\/www.blog-sejour-linguistique.fr\/sejours-linguistiques\/wp-json\/wp\/v2\/pages\/1583"}],"wp:attachment":[{"href":"http:\/\/www.blog-sejour-linguistique.fr\/sejours-linguistiques\/wp-json\/wp\/v2\/media?parent=1594"}],"curies":[{"name":"wp","href":"https:\/\/api.w.org\/{rel}","templated":true}]}}