{"id":1597,"date":"2014-05-14T13:25:30","date_gmt":"2014-05-14T13:25:30","guid":{"rendered":"http:\/\/www.blog-sejour-linguistique.fr\/sejours-linguistiques\/?page_id=1597"},"modified":"2014-05-14T14:19:23","modified_gmt":"2014-05-14T14:19:23","slug":"sejours-linguistiques-en-allemagne","status":"publish","type":"page","link":"http:\/\/www.blog-sejour-linguistique.fr\/sejours-linguistiques\/informations-pratiques\/sejours-linguistiques-en-allemagne\/","title":{"rendered":"S\u00e9jours linguistiques en Allemagne"},"content":{"rendered":"<p><a href=\"http:\/\/www.activa-langues.com\/fr\/sejour-linguistique-en-allemagne\/\" target=\"_blank\"><img loading=\"lazy\" decoding=\"async\" class=\"aligncenter size-full wp-image-815\" title=\"allemagne\" src=\"http:\/\/www.blog-sejour-linguistique.fr\/sejours-linguistiques\/wp-content\/uploads\/2009\/01\/allemagne.jpg\" alt=\"allemagne\" width=\"630\" height=\"100\" srcset=\"http:\/\/www.blog-sejour-linguistique.fr\/sejours-linguistiques\/wp-content\/uploads\/2009\/01\/allemagne.jpg 630w, http:\/\/www.blog-sejour-linguistique.fr\/sejours-linguistiques\/wp-content\/uploads\/2009\/01\/allemagne-300x47.jpg 300w\" sizes=\"auto, (max-width: 630px) 100vw, 630px\" \/><\/a><\/p>\n<p>L&rsquo;Allemagne est l&rsquo;un des plus grands centres culturels d&rsquo;Europe. Elle compte de nombreux mus\u00e9es parmi les plus beaux du monde, des cath\u00e9drales et des ch\u00e2teaux et des f\u00eates \u00e0 renomm\u00e9es internationales. Pour votre <a href=\"http:\/\/www.activa-langues.com\/fr\/sejour-linguistique-en-allemagne\/\">s\u00e9jour linguistique en Allemagne<\/a>, voici quelques infos pratiques avec le prix approximatif des transports \u00e0 <a href=\"http:\/\/www.activa-langues.com\/fr\/sejour-linguistique-en-allemagne\/berlin\/\" target=\"_blank\">Berlin<\/a><\/p>\n<h3>Taxi<\/h3>\n<p style=\"padding-left: 30px;\">Les taxis \u00e0 Berlin sont blancs avec une enseigne jaune sur le toit. Ils sont disponibles de suite avec des arr\u00eats sp\u00e9ciaux aux stations principales et \u00e0 l\u2019a\u00e9roport. La plupart des chauffeurs parleront anglais, mais ne vous y attendez pas forc\u00e9ment.<\/p>\n<p style=\"padding-left: 30px;\">Les co\u00fbts des taxis \u00e0 Berlin ne sont pas bon march\u00e9, cependant vous pouvez h\u00e9ler un taxi et demander une courte distance ou Kurzstrecke, qui vous fera faire un trajet de 2 kms pour 3\u20ac.<\/p>\n<p style=\"padding-left: 30px;\">Le compteur indique le co\u00fbt, mais des co\u00fbts en plus peuvent survenir, par exemple avec le transport de bagages.<\/p>\n<h3>U-Bahn (m\u00e9tro), bus, tramway \u00e0 Berlin<\/h3>\n<p style=\"padding-left: 30px;\">Le syst\u00e8me de transport public \u00e0 Berlin est le meilleur moyen de se d\u00e9placer.<\/p>\n<p style=\"padding-left: 30px;\">Ses trois zones vous permettent de vous d\u00e9placer du bus au U-Bahn ou aux rails en surface (S-Bahn) avec le tramway avec un ticket de trajet simple.<\/p>\n<p style=\"padding-left: 30px;\">Un ticket simple co\u00fbte un peu plus de 2\u20ac, ou prenez un Pass pour la journ\u00e9e \u00e0 6\u20ac. Pour plusieurs jours, un ticket 7 jours co\u00fbte \u00e0 peu pr\u00e8s 26\u20ac.<\/p>\n<p style=\"padding-left: 30px;\">Le M\u00e9tro moderne de Berlin (U-Bahn et S-Bahn) fonctionne du Lundi au Vendredi de 5h \u00e0 1h et toute la nuit le week-end. Les bus jaunes double \u00e9tage de Berlin sont fr\u00e9quents dans le centre ville avec des services de jour et de nuit.<\/p>\n<p style=\"padding-left: 30px;\">Le r\u00e9seau de tramway, que l\u2019on trouve \u00e0 l\u2019Est, est rapide et pratique avec certains trajets de nuit disponibles. Il y a \u00e9galement de petits ferries qui vous feront traverser les nombreux petits lacs de Berlin.<\/p>\n<h3><span style=\"font-weight: bold; color: #4e4e4f;\">A\u00e9roport(s)<\/span><\/h3>\n<p>Pour l&rsquo;organisation de votre <a href=\"http:\/\/www.activa-langues.com\/fr\/sejour-linguistique-en-allemagne\/\">s\u00e9jour linguistique en allemagne<\/a>, voici la liste des a\u00e9roports pour les principales villes:<\/p>\n<ul style=\"color: #4d4d4d;\">\n<li><a style=\"color: #4d4d4d;\" title=\"Berlin\" href=\"http:\/\/www.activa-langues.com\/fr\/sejour-linguistique-en-allemagne\/berlin\/\">Berlin<\/a>\n<ul>\n<li><a style=\"color: #4d4d4d;\" href=\"http:\/\/www.berlin-airport.de\/\" target=\"_blank\">A\u00e9roport Berlin (BER)<\/a><\/li>\n<li><a style=\"color: #4d4d4d;\" href=\"http:\/\/www.berlin-airport.de\/DE\/index2.php\" target=\"_blank\">A\u00e9roport Berlin Schoenefeld(SXF)<\/a><\/li>\n<li>A\u00e9roport Berlin Tegel(TXL)<\/li>\n<\/ul>\n<\/li>\n<li><a style=\"color: #4d4d4d;\" title=\"Frankfurt\" href=\"http:\/\/www.activa-langues.com\/fr\/sejour-linguistique-en-allemagne\/frankfurt\/\">Frankfurt<\/a>\n<ul>\n<li><a style=\"color: #4d4d4d;\" href=\"http:\/\/www.frankfurt-airport.com\/content\/frankfurt_airport\/en.html\" target=\"_blank\">A\u00e9roport international Frankfurt (FRA)<\/a><\/li>\n<\/ul>\n<\/li>\n<li><a style=\"color: #4d4d4d;\" title=\"Munich\" href=\"http:\/\/www.activa-langues.com\/fr\/sejour-linguistique-en-allemagne\/munich\/\">Munich<\/a>\n<ul>\n<li><a style=\"color: #4d4d4d;\" href=\"http:\/\/www.munich-airport.de\/en\/consumer\/\" target=\"_blank\">A\u00e9roport Munich Franz Josef Strauss(MUC)<\/a><\/li>\n<\/ul>\n<\/li>\n<\/ul>\n<!-- AddThis Advanced Settings generic via filter on the_content --><!-- AddThis Share Buttons generic via filter on the_content -->","protected":false},"excerpt":{"rendered":"<p>L&rsquo;Allemagne est l&rsquo;un des plus grands centres culturels d&rsquo;Europe. Elle compte de nombreux mus\u00e9es parmi les plus beaux du monde, des cath\u00e9drales et des ch\u00e2teaux et des f\u00eates \u00e0 renomm\u00e9es internationales. Pour votre s\u00e9jour linguistique en Allemagne, voici quelques infos <a class=\"more-link\" href=\"http:\/\/www.blog-sejour-linguistique.fr\/sejours-linguistiques\/informations-pratiques\/sejours-linguistiques-en-allemagne\/\">Continuer la lecture <span class=\"screen-reader-text\">  S\u00e9jours linguistiques en Allemagne<\/span><span class=\"meta-nav\">&rarr;<\/span><\/a><!-- AddThis Advanced Settings generic via filter on get_the_excerpt --><!-- AddThis Share Buttons generic via filter on get_the_excerpt --><\/p>\n","protected":false},"author":1,"featured_media":0,"parent":1583,"menu_order":0,"comment_status":"open","ping_status":"open","template":"","meta":{"ngg_post_thumbnail":0,"footnotes":""},"class_list":["post-1597","page","type-page","status-publish","hentry"],"_links":{"self":[{"href":"http:\/\/www.blog-sejour-linguistique.fr\/sejours-linguistiques\/wp-json\/wp\/v2\/pages\/1597","targetHints":{"allow":["GET"]}}],"collection":[{"href":"http:\/\/www.blog-sejour-linguistique.fr\/sejours-linguistiques\/wp-json\/wp\/v2\/pages"}],"about":[{"href":"http:\/\/www.blog-sejour-linguistique.fr\/sejours-linguistiques\/wp-json\/wp\/v2\/types\/page"}],"author":[{"embeddable":true,"href":"http:\/\/www.blog-sejour-linguistique.fr\/sejours-linguistiques\/wp-json\/wp\/v2\/users\/1"}],"replies":[{"embeddable":true,"href":"http:\/\/www.blog-sejour-linguistique.fr\/sejours-linguistiques\/wp-json\/wp\/v2\/comments?post=1597"}],"version-history":[{"count":4,"href":"http:\/\/www.blog-sejour-linguistique.fr\/sejours-linguistiques\/wp-json\/wp\/v2\/pages\/1597\/revisions"}],"predecessor-version":[{"id":1650,"href":"http:\/\/www.blog-sejour-linguistique.fr\/sejours-linguistiques\/wp-json\/wp\/v2\/pages\/1597\/revisions\/1650"}],"up":[{"embeddable":true,"href":"http:\/\/www.blog-sejour-linguistique.fr\/sejours-linguistiques\/wp-json\/wp\/v2\/pages\/1583"}],"wp:attachment":[{"href":"http:\/\/www.blog-sejour-linguistique.fr\/sejours-linguistiques\/wp-json\/wp\/v2\/media?parent=1597"}],"curies":[{"name":"wp","href":"https:\/\/api.w.org\/{rel}","templated":true}]}}