{"id":1604,"date":"2014-05-14T13:28:30","date_gmt":"2014-05-14T13:28:30","guid":{"rendered":"http:\/\/www.blog-sejour-linguistique.fr\/sejours-linguistiques\/?page_id=1604"},"modified":"2014-05-14T15:14:03","modified_gmt":"2014-05-14T15:14:03","slug":"sejours-linguistiques-en-australie","status":"publish","type":"page","link":"http:\/\/www.blog-sejour-linguistique.fr\/sejours-linguistiques\/informations-pratiques\/sejours-linguistiques-en-australie\/","title":{"rendered":"S\u00e9jours linguistiques en Australie"},"content":{"rendered":"<p><a href=\"http:\/\/www.activa-langues.com\/fr\/sejour-linguistique-en-australie\/\" target=\"_blank\"><img loading=\"lazy\" decoding=\"async\" class=\"aligncenter size-full wp-image-817\" title=\"australie1\" src=\"http:\/\/www.blog-sejour-linguistique.fr\/sejours-linguistiques\/wp-content\/uploads\/2009\/01\/australie1.jpg\" alt=\"australie1\" width=\"630\" height=\"100\" srcset=\"http:\/\/www.blog-sejour-linguistique.fr\/sejours-linguistiques\/wp-content\/uploads\/2009\/01\/australie1.jpg 630w, http:\/\/www.blog-sejour-linguistique.fr\/sejours-linguistiques\/wp-content\/uploads\/2009\/01\/australie1-300x47.jpg 300w\" sizes=\"auto, (max-width: 630px) 100vw, 630px\" \/><\/a><\/p>\n<p>Un voyage en Australie permet de d\u00e9couvrir des paysages stup\u00e9fiants, une faune diverse et vari\u00e9e, une nourriture exceptionnelle et surtout des gens ouverts et chaleureux.\u00a0Les adultes et les \u00e9tudiants ont aussi la possibilit\u00e9 de participer \u00e0 des\u00a0<a href=\"http:\/\/www.activa-langues.com\/fr\/sejour-linguistique-en-australie\/\" target=\"_blank\">s\u00e9jours linguistiques en Australie<\/a> et des <a href=\"http:\/\/www.activa-langues.com\/fr\/immersion-chez-le-professeur-en-australie\/\" target=\"_blank\">immersions chez le professeur<\/a> tout au long de l&rsquo;ann\u00e9e. Pour les principales villes de ce pays voici le prix approximatif des transports et des informations pratiques.<\/p>\n<h2><a href=\"http:\/\/www.activa-langues.com\/fr\/sejour-linguistique-en-australie\/brisbane\/\" target=\"_blank\">Brisbane <\/a><\/h2>\n<p style=\"padding-left: 30px;\"><strong>Taxi<\/strong> : Entre 10-20 AUD<br \/>\n<strong>Bus <\/strong>= 3.00 AUD<br \/>\n<strong>Train (abonnnement hebdomadaire)<\/strong> : 22.00 AUD<\/p>\n<p style=\"padding-left: 30px;\"><strong>Caf\u00e9\u00a0 (dans une chaine comme Starbucks)<\/strong> 3.50-4.00AUD<br \/>\n<strong>Canette de coca :<\/strong> 1.50AUD<br \/>\n<strong>Big mac :<\/strong> 4.00AUD<br \/>\n<strong>Repas chaud dans la caf\u00e9t\u00e9ria du centre avec salade, plat de r\u00e9sistance et dessert <\/strong>: 20.00AUD<br \/>\n<strong>Plat \u00e0 emporter, dans un restaurant asiatique, par exemple : <\/strong>10.00AUD<br \/>\n<strong>Billet de cin\u00e9ma : <\/strong>14.50AUD<br \/>\n<strong>Entr\u00e9e en discoth\u00e8que<\/strong> : 10.00AUD<\/p>\n<h2><a href=\"http:\/\/www.activa-langues.com\/fr\/sejour-linguistique-en-australie\/sydney\/\" target=\"_blank\">Sydney<\/a><\/h2>\n<p style=\"padding-left: 30px;\"><strong>Taxi<\/strong> = Minimum 2.90 AUD, puis 1.68 AUD par km.\u00a0 Ajouter 20 % le soir, le prix des p\u00e9ages et le pourboire.<br \/>\n<strong>Bus (par semaine)<\/strong> = Aller simple 1.70 AUD ; passe hebdomadaire 11 &#8211; 45 AUD<br \/>\n<strong>Train (par semaine)<\/strong> = 30.00 \u2013 50.00 AUD<br \/>\n<strong>Ferry :<\/strong> Aller simple \u00e0 partir de 2.50 AUD<br \/>\n<strong>Billet unique pour le train, le bus et le ferry :<\/strong> Ticket TravelPass hebdomadaire valable sur tous les trains, <strong>Les bus et le ferry :<\/strong> \u00e0 partir de 33 AUD, le prix varie en fonction du nombre de zones choisi.<br \/>\n<strong>Monorail :<\/strong> 4.50AUD (abonnements quotidien et saisonnier disponibles)<br \/>\n<strong>Train l\u00e9ger :<\/strong> \u00e0 partir de 3.50 AUD aller simple, abonnements hebdomadaire et annuel \u00e9galement disponibles.<\/p>\n<p style=\"padding-left: 30px;\"><strong>Caf\u00e9 (dans une cha\u00eene comme Gloria jeans) <\/strong>: 3.20 AUD<br \/>\n<strong>Canette de coca : <\/strong>1.40 AUD<br \/>\n<strong>Big Mac :<\/strong> 6.00 AUD<br \/>\n<strong>Plat \u00e0 emporter, dans un restaurant asiatique, par exemple : <\/strong>9.00 AUD<br \/>\n<strong>Repas (entr\u00e9e, plat de r\u00e9sistance, dessert) dans un restaurant de gamme moyenne <\/strong>: 25.00 AUD<br \/>\n<strong>Billet de cin\u00e9ma :<\/strong> 15.00 AUD<br \/>\n<strong>Entr\u00e9e en bo\u00eete de nuit <\/strong>: 25.00 AUD<\/p>\n<h2><a href=\"http:\/\/www.activa-langues.com\/fr\/sejour-linguistique-en-australie\/perth\/\" target=\"_blank\">Perth<\/a><\/h2>\n<p style=\"padding-left: 30px;\">Taxi = 10.00 minimum AUD<br \/>\nBus, train et ferry : A partir de 1.40 par trajet ; achetez un ticket TransPerth Smartrider pour b\u00e9n\u00e9ficier de 15% de remise sur les bus, les trains ou les ferries : le co\u00fbt est clacul\u00e9 en fonction de la distance parcourue.<\/p>\n<h2><a href=\"http:\/\/www.activa-langues.com\/fr\/sejour-linguistique-en-australie\/melbourne-region\/\" target=\"_blank\">Melbourne<\/a><\/h2>\n<p style=\"padding-left: 30px;\"><strong>Taxi<\/strong> = 7.00 minimum AUD, 1.465 AUD par km suppl\u00e9mentaire.<br \/>\n<strong>Bus, train et Tramway<\/strong> : Une carte automatique, appel\u00e9e Metcard, vous donne acc\u00e8s \u00e0 ces trois formes de transport. 6.50 AUD par jour ou 3.20 AUD pour deux heures \u2013 r\u00e9ductions \u00e9tudiants et cartes d\u2019abonnement disponibles. Hebdomadaire 28 AUD et Mensuel 104.40 AUD.<\/p>\n<p style=\"padding-left: 30px;\"><strong>Caf\u00e9 (dans une cha\u00eene comme Starbucks)<\/strong> : 3.50AUD<br \/>\n<strong>Canette de coca :<\/strong> 1.50 AUD<br \/>\n<strong>Big Mac : <\/strong>3.25AUD<br \/>\n<strong>Repas (entr\u00e9e, plat de r\u00e9sistance, dessert) dans un restaurant de gamme moyenne : <\/strong>50-60 AUD<br \/>\n<strong>Petit Dejeuner et d\u00eener \u00e0 Taylors on A&rsquo;Beckett : <\/strong>18.85 AUD<br \/>\n<strong>Plat \u00e0 emporter, dans un restaurant asiatique, par exemple :<\/strong> 15 AUD<br \/>\n<strong>Billet de cin\u00e9ma :<\/strong> 11 AUD (tarif \u00e9tudiant)<br \/>\n<strong>Entr\u00e9e en discoth\u00e8que <\/strong>: \u00e0 partir de 10 AUD<\/p>\n<!-- AddThis Advanced Settings generic via filter on the_content --><!-- AddThis Share Buttons generic via filter on the_content -->","protected":false},"excerpt":{"rendered":"<p>Un voyage en Australie permet de d\u00e9couvrir des paysages stup\u00e9fiants, une faune diverse et vari\u00e9e, une nourriture exceptionnelle et surtout des gens ouverts et chaleureux.\u00a0Les adultes et les \u00e9tudiants ont aussi la possibilit\u00e9 de participer \u00e0 des\u00a0s\u00e9jours linguistiques en Australie <a class=\"more-link\" href=\"http:\/\/www.blog-sejour-linguistique.fr\/sejours-linguistiques\/informations-pratiques\/sejours-linguistiques-en-australie\/\">Continuer la lecture <span class=\"screen-reader-text\">  S\u00e9jours linguistiques en Australie<\/span><span class=\"meta-nav\">&rarr;<\/span><\/a><!-- AddThis Advanced Settings generic via filter on get_the_excerpt --><!-- AddThis Share Buttons generic via filter on get_the_excerpt --><\/p>\n","protected":false},"author":1,"featured_media":0,"parent":1583,"menu_order":0,"comment_status":"open","ping_status":"open","template":"","meta":{"ngg_post_thumbnail":0,"footnotes":""},"class_list":["post-1604","page","type-page","status-publish","hentry"],"_links":{"self":[{"href":"http:\/\/www.blog-sejour-linguistique.fr\/sejours-linguistiques\/wp-json\/wp\/v2\/pages\/1604","targetHints":{"allow":["GET"]}}],"collection":[{"href":"http:\/\/www.blog-sejour-linguistique.fr\/sejours-linguistiques\/wp-json\/wp\/v2\/pages"}],"about":[{"href":"http:\/\/www.blog-sejour-linguistique.fr\/sejours-linguistiques\/wp-json\/wp\/v2\/types\/page"}],"author":[{"embeddable":true,"href":"http:\/\/www.blog-sejour-linguistique.fr\/sejours-linguistiques\/wp-json\/wp\/v2\/users\/1"}],"replies":[{"embeddable":true,"href":"http:\/\/www.blog-sejour-linguistique.fr\/sejours-linguistiques\/wp-json\/wp\/v2\/comments?post=1604"}],"version-history":[{"count":3,"href":"http:\/\/www.blog-sejour-linguistique.fr\/sejours-linguistiques\/wp-json\/wp\/v2\/pages\/1604\/revisions"}],"predecessor-version":[{"id":1663,"href":"http:\/\/www.blog-sejour-linguistique.fr\/sejours-linguistiques\/wp-json\/wp\/v2\/pages\/1604\/revisions\/1663"}],"up":[{"embeddable":true,"href":"http:\/\/www.blog-sejour-linguistique.fr\/sejours-linguistiques\/wp-json\/wp\/v2\/pages\/1583"}],"wp:attachment":[{"href":"http:\/\/www.blog-sejour-linguistique.fr\/sejours-linguistiques\/wp-json\/wp\/v2\/media?parent=1604"}],"curies":[{"name":"wp","href":"https:\/\/api.w.org\/{rel}","templated":true}]}}