{"id":1610,"date":"2014-05-14T13:30:17","date_gmt":"2014-05-14T13:30:17","guid":{"rendered":"http:\/\/www.blog-sejour-linguistique.fr\/sejours-linguistiques\/?page_id=1610"},"modified":"2014-05-14T14:58:54","modified_gmt":"2014-05-14T14:58:54","slug":"sejours-linguistiques-en-angleterre","status":"publish","type":"page","link":"http:\/\/www.blog-sejour-linguistique.fr\/sejours-linguistiques\/informations-pratiques\/sejours-linguistiques-en-angleterre\/","title":{"rendered":"S\u00e9jours linguistiques en Angleterre"},"content":{"rendered":"<p><a href=\"http:\/\/www.activa-langues.com\/fr\/sejour-linguistique-en-angleterre\/\" target=\"_blank\"><img loading=\"lazy\" decoding=\"async\" class=\"aligncenter size-full wp-image-821\" title=\"grande_bretagne1\" src=\"http:\/\/www.blog-sejour-linguistique.fr\/sejours-linguistiques\/wp-content\/uploads\/2009\/01\/grande_bretagne1.jpg\" alt=\"grande_bretagne1\" width=\"630\" height=\"100\" srcset=\"http:\/\/www.blog-sejour-linguistique.fr\/sejours-linguistiques\/wp-content\/uploads\/2009\/01\/grande_bretagne1.jpg 630w, http:\/\/www.blog-sejour-linguistique.fr\/sejours-linguistiques\/wp-content\/uploads\/2009\/01\/grande_bretagne1-300x47.jpg 300w\" sizes=\"auto, (max-width: 630px) 100vw, 630px\" \/><\/a><\/p>\n<h2>Partir en <a href=\"http:\/\/www.activa-langues.com\/fr\/sejour-linguistique-en-angleterre\/\" target=\"_blank\">S\u00e9jour linguistique en\u00a0Angleterre<\/a><\/h2>\n<p>L&rsquo;<a title=\"S\u00e9jour linguistique en Angleterre\" href=\"http:\/\/www.activa-langues.com\/fr\/sejour-linguistique-en-angleterre\/\">Angleterre<\/a>, l&rsquo;<a title=\"S\u00e9jour linguistique en Ecosse\" href=\"http:\/\/www.activa-langues.com\/fr\/sejour-linguistique-en-ecosse\/\">Ecosse<\/a> et le <a title=\"S\u00e9jour linguistique au Pays de Galles\" href=\"http:\/\/www.activa-langues.com\/fr\/sejour-linguistique-au-pays-de-galles\/\">Pays de Galles<\/a> forment une \u00eele tr\u00e8s contrast\u00e9e avec des villes charg\u00e9es d&rsquo;histoire, un littoral plein de charme, des paysages envo\u00fbtants et une vie socioculturelle tr\u00e8s dynamique.<\/p>\n<h2>Transports et informations pratiques<\/h2>\n<h2><a href=\"http:\/\/www.activa-langues.com\/fr\/sejour-linguistique-en-angleterre\/londres\/\" target=\"_blank\">Londres<br \/>\n<\/a><\/h2>\n<h3>Le m\u00e9tro (underground ou tube)<\/h3>\n<p style=\"padding-left: 30px;\">C&rsquo;est le plus vieux du monde (1863). Il y a 12 lignes, 270 stations et 6 zones concentriques. La grande majorit\u00e9 de vos d\u00e9placements se feront th\u00e9oriquement dans la zone 1. Le m\u00e9tro londonien est malheureusement cher, peu fiable et le temps des trajets est trop souvent \u00e9lastique. Dans les couloirs, les destinations sont regroup\u00e9es selon la direction \u00e0 prendre : northbound pour le nord, southbound pour le sud, etc. La plupart des wagons ont une d\u00e9co (les tubulures) de la m\u00eame couleur que celle attribu\u00e9e \u00e0 la ligne. Ex. : rouge pour Central, gris pour Jubilee, bleue pour Piccadilly, etc. La ligne jaune (Circular) est la plus pratique, elle fait le tour du centre dans les deux sens et permet les connexions les plus rapides. Attention, conservez votre billet car il faut l&rsquo;ins\u00e9rer dans le portillon \u00e0 la sortie. Pas question de sauter par-dessus, il y a toujours des \u00e9quipes d&#8217;employ\u00e9s du m\u00e9tro \u00e0 la sortie. Le m\u00e9tro d\u00e9marre \u00e0 5 h 30 du lundi au samedi, \u00e0 7 h le dimanche. Les derni\u00e8res rames passent entre 23 h et 1 h.<\/p>\n<p style=\"padding-left: 30px;\">Le trajet unique en m\u00e9tro est hors de prix : \u00a33 (4,35\u20ac) rien qu\u2019en zone 1 et 4 \u00a3 (5,80\u20ac) pour les 6 zones. R\u00e9duction pour les enfants de 5 \u00e0 15 ans. Les cartes journali\u00e8res ou hebdomadaires reviennent moins cher. Procurez-vous d\u00e8s votre arriv\u00e9e le plan du m\u00e9tro (Journey Planner) et celui des lignes de bus. Attention, il n&rsquo;y a pas de tarif unique pour le m\u00e9tro : le prix du ticket varie en fonction de l\u00e0 o\u00f9 vous \u00eates et o\u00f9 vous vous rendez.<\/p>\n<ul>\n<li><strong>One-Day Travelcard<\/strong> : de \u00a36,20 (9\u20ac) pour les zones 1 et 2 \u00e0 \u00a312,40 (18\u20ac) pour 6 zones. Carte \u00e0 prix r\u00e9duit pour les enfants de moins de 15 ans.<\/li>\n<li><strong>One-Week Travelcard<\/strong> : carte hebdomadaire de \u00a322,20 soit 32,20\u20ac (zone 1), \u00e0 \u00a341 soit 59,45\u20ac (pour les 6 zones). Elle permet de circuler \u00e0 volont\u00e9 dans les bus, le m\u00e9tro et les trains de banlieue. C\u2019est de loin le moyen le plus \u00e9conomique de circuler \u00e0 Londres car elle est plus avantageuse que la carte journali\u00e8re au bout de 5 jours. Pr\u00e9voyez une photo d&rsquo;identit\u00e9.<\/li>\n<li><strong>Visitor Travelcard<\/strong> : tr\u00e8s bien et tr\u00e8s \u00e9conomique, mais malheureusement, on ne peut pas l&rsquo;acheter \u00e0 Londres. C\u2019est une carte de 1, 3 ou 7 jours, valable sur tous les transports londoniens dans la totalit\u00e9 des zones. De \u00a33 \u00e0 \u00a341 (4,35 \u00e0 61,33\u20ac) selon le nombre de jours. Elle comprend le transfert en m\u00e9tro Heathrow-Londres, pour ceux qui arrivent en avion.<\/li>\n<li><strong>Oyster card<\/strong> : cette nouvelle carte de transport magn\u00e9tique pr\u00e9pay\u00e9e est valable dans le m\u00e9tro, le bus, le DLR et le tramway. Elle est \u00e0 cr\u00e9diter soit sur internet, soit dans certains points presse, soit au guichet. Son avantage permet d\u2019obtenir des trajets \u00e0 tarif r\u00e9duit en fonction du nombre de trajets. Le plafond journalier, ne d\u00e9passe jamais le prix du billet \u00ab One-Day Travelcard \u00bb. Donc, quand le plafond est atteint, cela permet de voyager gratuitement et de mani\u00e8re illimit\u00e9. L\u2019Oyster Card est aussi valable pour les cartes saisonni\u00e8res. R\u00e9ductions pour les plus de 18 ans et gratuit\u00e9 pour les moins de 16 ans.<br \/>\nSe la procurer en France aupr\u00e8s de Britcities, HMS (01-44-69-97-40) ou BMS Voyages (01-42-66-07-07).<\/li>\n<\/ul>\n<h3>The Docklands Light Railway (DLR)<\/h3>\n<p style=\"padding-left: 30px;\">Train automatique a\u00e9rien de banlieue. Il circule \u00e0 partir de Bank ou Tower Gateway (pr\u00e8s de la station Tower Hill). \u00c0 partir de 10 h, des trains sp\u00e9ciaux partent toutes les heures de Tower Gateway avec un guide touristique \u00e0 bord. Int\u00e9ressant pour d\u00e9couvrir les changements qui chamboulent l&rsquo;est de Londres. Compter entre 1,70 et \u00a36 (2,54 \u00e0 8,98\u20ac) selon le trajet par adulte, r\u00e9duction enfants jusqu&rsquo;\u00e0 15 ans. Des billets DLR + bateau Rail River Rover permettent de profiter en m\u00eame temps des joies de la Tamise (pour retourner dans le centre-ville par exemple).<\/p>\n<h3>Bus<\/h3>\n<p style=\"padding-left: 30px;\">Il est meilleur march\u00e9 et vraiment plus sympa que le m\u00e9tro. Si vous voulez admirer au mieux le paysage, montez au 1er \u00e9tage des c\u00e9l\u00e8bres bus rouges. Demander \u00e0 l&rsquo;office du tourisme un plan du r\u00e9seau. Le tarif du ticket de bus (aller simple) est de \u00a31,50 (2,20\u20ac) et de \u00a31 (2,45\u20ac) si vous achetez un carnet de 6 tickets (Saver Tickets). Le forfait journ\u00e9e est \u00e0 \u00a33,50 (5,10\u20ac). Valable pour tout Londres de 1 h du matin \u00e0 4 h 30 le lendemain matin. Pass d&rsquo;une semaine \u00e0\u00a313 pour un adulte et \u00a35 pour un enfant selon les zones choisies. Les bus les plus int\u00e9ressants pour d\u00e9couvrir le Londres touristique sont ceux des lignes 11, 15 et 38. Quelques grandes lignes de bus, partant de Londres et desservant la banlieue, fonctionnent la nuit. Elles ont un \u00ab N \u00bb devant le num\u00e9ro. Ces bus fonctionnent de minuit \u00e0 6 h. Environ 1 bus par heure, qui ne s&rsquo;arr\u00eate que sur demande. M\u00eame prix qu&rsquo;en plein jour : \u00a31,50 (2,20\u20ac). Les bus de nuit partent tous de Trafalgar Square.<\/p>\n<p><strong>Caf\u00e9 :<\/strong> Entre \u00a32.50 &#8211; \u00a32.70<br \/>\n<strong>Canette de coca :<\/strong> \u00a30.65<br \/>\n<strong>Big Mac : <\/strong>\u00a31.99<br \/>\n<strong>Repas chaud dans la caf\u00e9t\u00e9ria de l&rsquo;\u00e9cole avec salade, plat de r\u00e9sistance et dessert<\/strong> : \u00a35.00<br \/>\n<strong>Repas (entr\u00e9e, plat de r\u00e9sistance, dessert) dans un restaurant de gamme moyenne<\/strong> : A partir de \u00a320.00 + 10% de pourboire.<br \/>\n<strong>Billet de cin\u00e9ma :<\/strong> \u00a36 \u00e0 \u00a37 (plus dans le centre de Londres)<br \/>\n<strong>Entr\u00e9e en discoth\u00e8que : <\/strong>A partir de \u00a34 (plus dans le centre de Londres)<\/p>\n<h2><a href=\"http:\/\/www.activa-langues.com\/fr\/sejour-linguistique-en-angleterre\/brighton\/\" target=\"_blank\">Brighton<\/a><\/h2>\n<p>Prix approximatif<\/p>\n<p><strong>Bus :<\/strong> \u00a31.30 l&rsquo;aller simple dans le centre ; \u00a31.60 aller simple en dehors du centre ; \u00a33.50 trajets illimit\u00e9s toute la journ\u00e9e. \u00a316.00 pour un pass hebdomadaire.<br \/>\n<strong>Taxi :<\/strong> \u00a32.30 minimum et \u00a30.20 pour chaque minute suppl\u00e9mentaire (environ) ; plus cher la nuit et le week end. Ajouter 10% \u00e0 15% pour le pourboire.<br \/>\n<strong>Train :<\/strong> les tarifs varient en fonction du moment de la journ\u00e9e. Aller-retour pour Londres Victoria\u00a0 \u00e0 partir de 13.50 GBP (prix normal hors heures de pointes)<\/p>\n<p><strong>Caf\u00e9 :<\/strong> Entre \u00a32.50 &#8211; \u00a32.70<br \/>\n<strong>Canette de coca :<\/strong> \u00a30.65<br \/>\n<strong>Big Mac : <\/strong>\u00a31.99<br \/>\n<strong>Repas chaud dans la caf\u00e9t\u00e9ria de l&rsquo;\u00e9cole avec salade, plat de r\u00e9sistance et dessert<\/strong> : \u00a33.00<br \/>\n<strong>Repas (entr\u00e9e, plat de r\u00e9sistance, dessert) dans un restaurant de gamme moyenne<\/strong> : A partir de \u00a315.00<br \/>\n<strong>Billet de cin\u00e9ma :<\/strong> \u00a36 \u00e0 \u00a38<br \/>\n<strong>Entr\u00e9e en discoth\u00e8que : <\/strong>\u00a35 \u00e0 \u00a315<\/p>\n<h2><a href=\"http:\/\/www.activa-langues.com\/fr\/sejour-linguistique-en-angleterre\/cambridge\/\" target=\"_blank\">Cambridge<\/a><\/h2>\n<p>Prix approximatif<\/p>\n<p><strong>Bus :<\/strong> \u00a30.85 l&rsquo;aller simple ; \u00a31.50 aller-retour ; \u00a32.80 trajets illimit\u00e9s pour la journ\u00e9e.<br \/>\n<strong>Taxi :<\/strong> \u00a32.30 minimum et \u00a30.20 pour chaque minute suppl\u00e9mentaire (environ) ; plus cher la nuit et le week end. Ajouter 10% \u00e0 15% pour le pourboire.<br \/>\n<strong>Train :<\/strong> les tarifs varient en fonction du moment de la journ\u00e9e, mais il est possible d&rsquo;acheter un Aller-retour pour Londres Kings cross \u00e0 partir d&rsquo;environs 18 GBP. Les billet sont moins cher en dehors des heures de pointes.<\/p>\n<p><strong>Caf\u00e9 :<\/strong> Entre \u00a32.50 &#8211; \u00a32.70<br \/>\n<strong>Canette de coca :<\/strong> \u00a30.65<br \/>\n<strong>Big Mac : <\/strong>\u00a31.99<br \/>\n<strong>Repas chaud dans la caf\u00e9t\u00e9ria de l&rsquo;\u00e9cole avec salade, plat de r\u00e9sistance et dessert<\/strong> : \u00a33.00<br \/>\n<strong>Repas (entr\u00e9e, plat de r\u00e9sistance, dessert) dans un restaurant de gamme moyenne<\/strong> : \u00a33.00<br \/>\n<strong>Billet de cin\u00e9ma :<\/strong> \u00a36 \u00e0 \u00a38<br \/>\n<strong>Entr\u00e9e en discoth\u00e8que : <\/strong>\u00a35 \u00e0 \u00a315<\/p>\n<h2><a href=\"http:\/\/www.activa-langues.com\/fr\/sejour-linguistique-en-angleterre\/hastings\/\" target=\"_blank\">Hastings<\/a><\/h2>\n<p>Prix approximatif<\/p>\n<p><strong>Bus :<\/strong> \u00a30.90 aller simple ; \u00a31.60 aller-retour dans la journ\u00e9e ; \u00a33.20 trajets illimit\u00e9s pendant une journ\u00e9e ; \u00a39.00 le pass hebdomadaire.<br \/>\n<strong>Taxi :<\/strong> \u00a32.50 minimum et \u00a31.00 pour chaque minute suppl\u00e9mentaire (environ) ; plus cher la nuit et le week end. Ajouter 10% \u00e0 15% pour le pourboire.<\/p>\n<p><strong>Caf\u00e9 :<\/strong> Entre \u00a32.50 &#8211; \u00a32.70<br \/>\n<strong>Canette de coca :<\/strong> \u00a30.65<br \/>\n<strong>Big Mac : <\/strong>\u00a31.99<br \/>\n<strong>Repas (entr\u00e9e, plat de r\u00e9sistance, dessert) dans un restaurant de gamme moyenne<\/strong> : A partir de \u00a312.00 + ajouter 10% pour le pourboire.<br \/>\n<strong>Billet de cin\u00e9ma :<\/strong> \u00a36 \u00e0 \u00a38<br \/>\n<strong>Entr\u00e9e en discoth\u00e8que : <\/strong>\u00a35 \u00e0 \u00a315<\/p>\n<h2><a href=\"http:\/\/www.activa-langues.com\/fr\/sejour-linguistique-en-angleterre\/oxford\/\" target=\"_blank\">Oxford<\/a><\/h2>\n<p>Prix approximatif<\/p>\n<p><strong>Bus :<\/strong> les prix varient en fonction de la distance : \u00a32.00 en moyenne.<br \/>\n<strong>Taxi :<\/strong> \u00a32.30 minimum et \u00a30.20 pour chaque minute suppl\u00e9mentaire (environ) ; plus cher la nuit et le week end. Ajouter 10% \u00e0 15% pour le pourboire.<br \/>\n<strong>Train :<\/strong> les prix varient en fonction du moment de la journ\u00e9e, mais on peut acheter un aller- retour pour Londres Paddington \u00e0 partir de\u00a0 \u00a315.00 (hors heures de pointes)<\/p>\n<p><strong>Caf\u00e9 :<\/strong> \u00a32.50<br \/>\n<strong>Canette de coca :<\/strong> \u00a30.65<br \/>\n<strong>Big Mac : <\/strong>\u00a31.99<br \/>\n<strong>Repas (entr\u00e9e, plat de r\u00e9sistance, dessert) dans un restaurant de gamme moyenne<\/strong> : A partir de \u00a315.00 + ajouter 10% pour le pourboire.<br \/>\n<strong>Billet de cin\u00e9ma :<\/strong> \u00a36 \u00e0 \u00a38<br \/>\n<strong>Entr\u00e9e en discoth\u00e8que : <\/strong>\u00a35 \u00e0 \u00a315<\/p>\n<!-- AddThis Advanced Settings generic via filter on the_content --><!-- AddThis Share Buttons generic via filter on the_content -->","protected":false},"excerpt":{"rendered":"<p>Partir en S\u00e9jour linguistique en\u00a0Angleterre L&rsquo;Angleterre, l&rsquo;Ecosse et le Pays de Galles forment une \u00eele tr\u00e8s contrast\u00e9e avec des villes charg\u00e9es d&rsquo;histoire, un littoral plein de charme, des paysages envo\u00fbtants et une vie socioculturelle tr\u00e8s dynamique. Transports et informations pratiques <a class=\"more-link\" href=\"http:\/\/www.blog-sejour-linguistique.fr\/sejours-linguistiques\/informations-pratiques\/sejours-linguistiques-en-angleterre\/\">Continuer la lecture <span class=\"screen-reader-text\">  S\u00e9jours linguistiques en Angleterre<\/span><span class=\"meta-nav\">&rarr;<\/span><\/a><!-- AddThis Advanced Settings generic via filter on get_the_excerpt --><!-- AddThis Share Buttons generic via filter on get_the_excerpt --><\/p>\n","protected":false},"author":1,"featured_media":0,"parent":1583,"menu_order":0,"comment_status":"open","ping_status":"open","template":"","meta":{"ngg_post_thumbnail":0,"footnotes":""},"class_list":["post-1610","page","type-page","status-publish","hentry"],"_links":{"self":[{"href":"http:\/\/www.blog-sejour-linguistique.fr\/sejours-linguistiques\/wp-json\/wp\/v2\/pages\/1610","targetHints":{"allow":["GET"]}}],"collection":[{"href":"http:\/\/www.blog-sejour-linguistique.fr\/sejours-linguistiques\/wp-json\/wp\/v2\/pages"}],"about":[{"href":"http:\/\/www.blog-sejour-linguistique.fr\/sejours-linguistiques\/wp-json\/wp\/v2\/types\/page"}],"author":[{"embeddable":true,"href":"http:\/\/www.blog-sejour-linguistique.fr\/sejours-linguistiques\/wp-json\/wp\/v2\/users\/1"}],"replies":[{"embeddable":true,"href":"http:\/\/www.blog-sejour-linguistique.fr\/sejours-linguistiques\/wp-json\/wp\/v2\/comments?post=1610"}],"version-history":[{"count":7,"href":"http:\/\/www.blog-sejour-linguistique.fr\/sejours-linguistiques\/wp-json\/wp\/v2\/pages\/1610\/revisions"}],"predecessor-version":[{"id":1656,"href":"http:\/\/www.blog-sejour-linguistique.fr\/sejours-linguistiques\/wp-json\/wp\/v2\/pages\/1610\/revisions\/1656"}],"up":[{"embeddable":true,"href":"http:\/\/www.blog-sejour-linguistique.fr\/sejours-linguistiques\/wp-json\/wp\/v2\/pages\/1583"}],"wp:attachment":[{"href":"http:\/\/www.blog-sejour-linguistique.fr\/sejours-linguistiques\/wp-json\/wp\/v2\/media?parent=1610"}],"curies":[{"name":"wp","href":"https:\/\/api.w.org\/{rel}","templated":true}]}}