{"id":1613,"date":"2014-05-14T13:31:24","date_gmt":"2014-05-14T13:31:24","guid":{"rendered":"http:\/\/www.blog-sejour-linguistique.fr\/sejours-linguistiques\/?page_id=1613"},"modified":"2014-05-14T13:31:24","modified_gmt":"2014-05-14T13:31:24","slug":"sejours-linguistiques-en-irlande","status":"publish","type":"page","link":"http:\/\/www.blog-sejour-linguistique.fr\/sejours-linguistiques\/informations-pratiques\/sejours-linguistiques-en-irlande\/","title":{"rendered":"S\u00e9jours linguistiques en Irlande"},"content":{"rendered":"<p><a href=\"http:\/\/www.activa-langues.com\/fr\/sejour-linguistique-en-irlande\/\" target=\"_blank\"><img loading=\"lazy\" decoding=\"async\" class=\"aligncenter size-full wp-image-823\" title=\"irlande1\" src=\"http:\/\/www.blog-sejour-linguistique.fr\/sejours-linguistiques\/wp-content\/uploads\/2009\/01\/irlande1.jpg\" alt=\"irlande1\" width=\"630\" height=\"100\" srcset=\"http:\/\/www.blog-sejour-linguistique.fr\/sejours-linguistiques\/wp-content\/uploads\/2009\/01\/irlande1.jpg 630w, http:\/\/www.blog-sejour-linguistique.fr\/sejours-linguistiques\/wp-content\/uploads\/2009\/01\/irlande1-300x47.jpg 300w\" sizes=\"auto, (max-width: 630px) 100vw, 630px\" \/><\/a><\/p>\n<h3>Irish Explorer Ticket<\/h3>\n<p style=\"padding-left: 30px;\">Propos\u00e9 par Irish Rail et Bus Eireann (pas valable pour les services de bus \u00e0 Dublin). 8 jours de voyage sur 15 jours cons\u00e9cutifs : Adultes : 203\u20ac &#8211; enfants (moins de 16 ans) : 101,50\u20ac<br \/>\nDisponible dans toutes les gares d\u2019Irlande.<\/p>\n<h3>Irish Rambler Ticket<\/h3>\n<p style=\"padding-left: 30px;\">3 jours sur 8 cons\u00e9cutifs en bus, valable dans toute l\u2019Irlande.<br \/>\nAdultes : 70\u20ac &#8211; Enfants : 40\u20ac<\/p>\n<h3>Irish Rover<\/h3>\n<p style=\"padding-left: 30px;\">Ticket 5 jours de voyage ferroviaires sur 15 jours cons\u00e9cutifs, valable dans toute l\u2019Irlande.<br \/>\nAdultes : 157\u20ac &#8211; enfants : 79\u20ac<\/p>\n<h3>Emerald Cald<\/h3>\n<p style=\"padding-left: 30px;\">Train et bus, valable dans toute l\u2019Irlande (y compris les services de bus municipaux de Dublin, Belfast ect) 15 jours de voyage sur 30 jours cons\u00e9cutifs.<br \/>\nAdultes : 393\u20ac &#8211; enfants : 196\u20ac<\/p>\n<h3>Le \u00ab Travelsave Stamp \u00bb<\/h3>\n<p style=\"padding-left: 30px;\">Un timbre r\u00e9serv\u00e9 aux \u00e9tudiants poss\u00e9dant une carte internationale d\u2019\u00e9tudiant et qui donne droit \u00e0 des r\u00e9ductions sur tout trajet en train et bus.<\/p>\n<p style=\"padding-left: 30px;\">Prix pour l\u2019ann\u00e9e : 10\u20ac<br \/>\nCe timbre est vendu aux bureaux de l\u2019U.S.I.T en Irlande.<\/p>\n<p style=\"padding-left: 30px;\">Les \u00e9tudiants \u00e9trangers peuvent obtenir aupr\u00e8s du \u00ab Dublin Bus \u00bb une carte \u00e0 tarif r\u00e9duit pour les trajets en autobus \u00e0 Dublin, valable entre mars et septembre.<\/p>\n<!-- AddThis Advanced Settings generic via filter on the_content --><!-- AddThis Share Buttons generic via filter on the_content -->","protected":false},"excerpt":{"rendered":"<p>Irish Explorer Ticket Propos\u00e9 par Irish Rail et Bus Eireann (pas valable pour les services de bus \u00e0 Dublin). 8 jours de voyage sur 15 jours cons\u00e9cutifs : Adultes : 203\u20ac &#8211; enfants (moins de 16 ans) : 101,50\u20ac Disponible <a class=\"more-link\" href=\"http:\/\/www.blog-sejour-linguistique.fr\/sejours-linguistiques\/informations-pratiques\/sejours-linguistiques-en-irlande\/\">Continuer la lecture <span class=\"screen-reader-text\">  S\u00e9jours linguistiques en Irlande<\/span><span class=\"meta-nav\">&rarr;<\/span><\/a><!-- AddThis Advanced Settings generic via filter on get_the_excerpt --><!-- AddThis Share Buttons generic via filter on get_the_excerpt --><\/p>\n","protected":false},"author":1,"featured_media":0,"parent":1583,"menu_order":0,"comment_status":"open","ping_status":"open","template":"","meta":{"ngg_post_thumbnail":0,"footnotes":""},"class_list":["post-1613","page","type-page","status-publish","hentry"],"_links":{"self":[{"href":"http:\/\/www.blog-sejour-linguistique.fr\/sejours-linguistiques\/wp-json\/wp\/v2\/pages\/1613","targetHints":{"allow":["GET"]}}],"collection":[{"href":"http:\/\/www.blog-sejour-linguistique.fr\/sejours-linguistiques\/wp-json\/wp\/v2\/pages"}],"about":[{"href":"http:\/\/www.blog-sejour-linguistique.fr\/sejours-linguistiques\/wp-json\/wp\/v2\/types\/page"}],"author":[{"embeddable":true,"href":"http:\/\/www.blog-sejour-linguistique.fr\/sejours-linguistiques\/wp-json\/wp\/v2\/users\/1"}],"replies":[{"embeddable":true,"href":"http:\/\/www.blog-sejour-linguistique.fr\/sejours-linguistiques\/wp-json\/wp\/v2\/comments?post=1613"}],"version-history":[{"count":1,"href":"http:\/\/www.blog-sejour-linguistique.fr\/sejours-linguistiques\/wp-json\/wp\/v2\/pages\/1613\/revisions"}],"predecessor-version":[{"id":1614,"href":"http:\/\/www.blog-sejour-linguistique.fr\/sejours-linguistiques\/wp-json\/wp\/v2\/pages\/1613\/revisions\/1614"}],"up":[{"embeddable":true,"href":"http:\/\/www.blog-sejour-linguistique.fr\/sejours-linguistiques\/wp-json\/wp\/v2\/pages\/1583"}],"wp:attachment":[{"href":"http:\/\/www.blog-sejour-linguistique.fr\/sejours-linguistiques\/wp-json\/wp\/v2\/media?parent=1613"}],"curies":[{"name":"wp","href":"https:\/\/api.w.org\/{rel}","templated":true}]}}