{"id":1616,"date":"2014-05-14T13:32:23","date_gmt":"2014-05-14T13:32:23","guid":{"rendered":"http:\/\/www.blog-sejour-linguistique.fr\/sejours-linguistiques\/?page_id=1616"},"modified":"2014-05-14T13:32:23","modified_gmt":"2014-05-14T13:32:23","slug":"sejours-linguistiques-en-nouvelle-zelande","status":"publish","type":"page","link":"http:\/\/www.blog-sejour-linguistique.fr\/sejours-linguistiques\/informations-pratiques\/sejours-linguistiques-en-nouvelle-zelande\/","title":{"rendered":"S\u00e9jours linguistiques en Nouvelle-Z\u00e9lande"},"content":{"rendered":"<p><a href=\"http:\/\/www.activa-langues.com\/fr\/sejour-linguistique-en-nouvelle-zelande\/\" target=\"_blank\"><img loading=\"lazy\" decoding=\"async\" class=\"aligncenter size-full wp-image-825\" title=\"nouvelle_zelande1\" src=\"http:\/\/www.blog-sejour-linguistique.fr\/sejours-linguistiques\/wp-content\/uploads\/2009\/01\/nouvelle_zelande1.jpg\" alt=\"nouvelle_zelande1\" width=\"630\" height=\"100\" srcset=\"http:\/\/www.blog-sejour-linguistique.fr\/sejours-linguistiques\/wp-content\/uploads\/2009\/01\/nouvelle_zelande1.jpg 630w, http:\/\/www.blog-sejour-linguistique.fr\/sejours-linguistiques\/wp-content\/uploads\/2009\/01\/nouvelle_zelande1-300x47.jpg 300w\" sizes=\"auto, (max-width: 630px) 100vw, 630px\" \/><\/a><\/p>\n<h2><a href=\"http:\/\/www.activa-langues.com\/fr\/sejour-linguistique-en-nouvelle-zelande\/auckland\/\" target=\"_blank\">Prix des transports \u00e0 Auckland<\/a><\/h2>\n<h2><\/h2>\n<p><strong>Taxi : <\/strong>Minimum 2.00 NZD, puis 1.80 km ; tarifs plus \u00e9lev\u00e9s durant la nuit et les vacances.<br \/>\n<strong>Bus : <\/strong>A partir de 1.60 NZD \u2013 cartes d\u2019abonnement saisonni\u00e8res disponibles.<br \/>\n<strong>Train : <\/strong>A partir de 1.40 NZD &#8211; cartes d\u2019abonnement saisonni\u00e8res disponibles.<br \/>\n<strong>Ferry : <\/strong>A partir de 10.00 NZD &#8211; cartes d\u2019abonnement saisonni\u00e8res disponibles.<\/p>\n<p><strong>Caf\u00e9 (dans une cha\u00eene comme Starbucks) :<\/strong> 3-5 NZD<br \/>\n<strong>Canette de coca :<\/strong> 1.50 NZD &#8211; 2.00 NZD<br \/>\n<strong>Big Mac :<\/strong> 5.00 NZD<br \/>\n<strong>Repas (entr\u00e9e, plat de r\u00e9sistance, dessert) dans un restaurant de gamme moyenne : <\/strong>30 &#8211; 40 NZD<br \/>\n<strong>Plat \u00e0 emporter, dans un restaurant asiatique, par exemple :<\/strong> 6 &#8211; 15 NZD<br \/>\n<strong>Billet de cin\u00e9ma :<\/strong> 15.00 NZD<br \/>\n<strong>Entr\u00e9e en bo\u00eete de nuit :<\/strong> A partir de 5.00 NZD<\/p>\n<!-- AddThis Advanced Settings generic via filter on the_content --><!-- AddThis Share Buttons generic via filter on the_content -->","protected":false},"excerpt":{"rendered":"<p>Prix des transports \u00e0 Auckland Taxi : Minimum 2.00 NZD, puis 1.80 km ; tarifs plus \u00e9lev\u00e9s durant la nuit et les vacances. Bus : A partir de 1.60 NZD \u2013 cartes d\u2019abonnement saisonni\u00e8res disponibles. Train : A partir de <a class=\"more-link\" href=\"http:\/\/www.blog-sejour-linguistique.fr\/sejours-linguistiques\/informations-pratiques\/sejours-linguistiques-en-nouvelle-zelande\/\">Continuer la lecture <span class=\"screen-reader-text\">  S\u00e9jours linguistiques en Nouvelle-Z\u00e9lande<\/span><span class=\"meta-nav\">&rarr;<\/span><\/a><!-- AddThis Advanced Settings generic via filter on get_the_excerpt --><!-- AddThis Share Buttons generic via filter on get_the_excerpt --><\/p>\n","protected":false},"author":1,"featured_media":0,"parent":1583,"menu_order":0,"comment_status":"open","ping_status":"open","template":"","meta":{"ngg_post_thumbnail":0,"footnotes":""},"class_list":["post-1616","page","type-page","status-publish","hentry"],"_links":{"self":[{"href":"http:\/\/www.blog-sejour-linguistique.fr\/sejours-linguistiques\/wp-json\/wp\/v2\/pages\/1616","targetHints":{"allow":["GET"]}}],"collection":[{"href":"http:\/\/www.blog-sejour-linguistique.fr\/sejours-linguistiques\/wp-json\/wp\/v2\/pages"}],"about":[{"href":"http:\/\/www.blog-sejour-linguistique.fr\/sejours-linguistiques\/wp-json\/wp\/v2\/types\/page"}],"author":[{"embeddable":true,"href":"http:\/\/www.blog-sejour-linguistique.fr\/sejours-linguistiques\/wp-json\/wp\/v2\/users\/1"}],"replies":[{"embeddable":true,"href":"http:\/\/www.blog-sejour-linguistique.fr\/sejours-linguistiques\/wp-json\/wp\/v2\/comments?post=1616"}],"version-history":[{"count":1,"href":"http:\/\/www.blog-sejour-linguistique.fr\/sejours-linguistiques\/wp-json\/wp\/v2\/pages\/1616\/revisions"}],"predecessor-version":[{"id":1617,"href":"http:\/\/www.blog-sejour-linguistique.fr\/sejours-linguistiques\/wp-json\/wp\/v2\/pages\/1616\/revisions\/1617"}],"up":[{"embeddable":true,"href":"http:\/\/www.blog-sejour-linguistique.fr\/sejours-linguistiques\/wp-json\/wp\/v2\/pages\/1583"}],"wp:attachment":[{"href":"http:\/\/www.blog-sejour-linguistique.fr\/sejours-linguistiques\/wp-json\/wp\/v2\/media?parent=1616"}],"curies":[{"name":"wp","href":"https:\/\/api.w.org\/{rel}","templated":true}]}}