{"id":1633,"date":"2014-05-14T13:35:17","date_gmt":"2014-05-14T13:35:17","guid":{"rendered":"http:\/\/www.blog-sejour-linguistique.fr\/sejours-linguistiques\/?page_id=1633"},"modified":"2014-05-14T18:53:33","modified_gmt":"2014-05-14T18:53:33","slug":"sejours-linguistiques-aux-etats-unis","status":"publish","type":"page","link":"http:\/\/www.blog-sejour-linguistique.fr\/sejours-linguistiques\/informations-pratiques\/sejours-linguistiques-aux-etats-unis\/","title":{"rendered":"S\u00e9jours linguistiques aux Etats-Unis"},"content":{"rendered":"<p><a href=\"http:\/\/www.activa-langues.com\/fr\/sejour-linguistique-aux-etats-unis\/\" target=\"_blank\"><img loading=\"lazy\" decoding=\"async\" class=\"aligncenter size-full wp-image-811\" title=\"etats_unis1\" src=\"http:\/\/www.blog-sejour-linguistique.fr\/sejours-linguistiques\/wp-content\/uploads\/2009\/01\/etats_unis1.jpg\" alt=\"etats_unis1\" width=\"630\" height=\"100\" srcset=\"http:\/\/www.blog-sejour-linguistique.fr\/sejours-linguistiques\/wp-content\/uploads\/2009\/01\/etats_unis1.jpg 630w, http:\/\/www.blog-sejour-linguistique.fr\/sejours-linguistiques\/wp-content\/uploads\/2009\/01\/etats_unis1-300x47.jpg 300w\" sizes=\"auto, (max-width: 630px) 100vw, 630px\" \/><\/a><\/p>\n<p><span style=\"color: #ff0000;\">Quelques informations pratiques sur les transports en commun pour votre <a href=\"http:\/\/www.activa-langues.com\/fr\/sejour-linguistique-aux-etats-unis\/\" target=\"_blank\">s\u00e9jour linguistique aux Etats-Unis<\/a><\/span><\/p>\n<h2><a href=\"http:\/\/www.activa-langues.com\/fr\/sejour-linguistique-aux-etats-unis\/\" target=\"_blank\">S\u00e9jour linguistique aux Etats Unis C\u00f4te-Est<\/a><\/h2>\n<h2><a href=\"http:\/\/www.activa-langues.com\/fr\/sejour-linguistique-aux-etats-unis\/boston\/\" target=\"_blank\">Boston<\/a><\/h2>\n<p><strong>Taxi : <\/strong>$5 minimum<br \/>\n<strong>M\u00e9tro : <\/strong>Aller simple $2.00 ; abonnement hebdomadaire $15 ; abonnement mensuel (avec le bus) $59.<\/p>\n<p><strong>Caf\u00e9<\/strong> :\u00a0 $2.00<br \/>\n<strong>Canette de coca<\/strong> : $1.00<br \/>\n<strong>Big Mac<\/strong> : $3.25<br \/>\n<strong>Repas (entr\u00e9e, palt de r\u00e9sistance, dessert dans un restaurant de classe moyenne) <\/strong>: $20 environ<br \/>\n<strong>Billet de cin\u00e9ma<\/strong> : $9.50<br \/>\n<strong>Entr\u00e9e en discoth\u00e8que :<\/strong> entre $5 et $20<\/p>\n<h2><a href=\"http:\/\/www.activa-langues.com\/fr\/sejour-linguistique-aux-etats-unis\/new-york\/\" target=\"_blank\">New York<\/a><\/h2>\n<p>Le m\u00e9tro et le bus sont g\u00e9r\u00e9s par la m\u00eame soci\u00e9t\u00e9, le MTA (Metropolitan Transportation Authority), et utilisent les m\u00eames jetons et cartes magn\u00e9tiques. Ils transportent chaque jour pr\u00e8s de 3.6 millions de passagers et op\u00e8rent 24 heures sur 24, 7 jours sur 7. <a href=\"http:\/\/www.mta.nyc.ny.us\" target=\"_blank\">www.mta.nyc.ny.us<\/a> o\u00f9 vous trouverez les cartes, les tarifs\u2026<br \/>\nLe m\u00e9tro de New York est le moyen le plus simple et le plus \u00e9conomique. Il est rapide et pratique, pas toujours tr\u00e8s propre mais n\u00e9anmoins s\u00e9curis\u00e9. Il fonctionne 24h sur 24, mais certaines lignes ont des horaires limit\u00e9s. Les stations portent g\u00e9n\u00e9ralement les noms des rues et sont signal\u00e9es soit par une boule verte (les guichets sont alors ouverts 24h sur 24), ou bien par une boule rouge (ouverture restreinte). A l\u2019entr\u00e9e, vous trouverez des panneaux vous indiquant la direction et les gares desservies. Les trains sont uptown (vers le nord) ou dowtown (vers le sud).<br \/>\nLe prix est unique (2 dollars) quelle que soit la distance, et le paiement se fait sous forme de jetons (tokens) ou de cartes magn\u00e9tiques (moins ch\u00e8res ; 4 dollars pour le m\u00e9tro pass journalier, 17 dollars pour une semaine et 63 dollars pour 30 jours, avec trajets illimit\u00e9s) disponibles \u00e0 toutes les stations de m\u00e9tro. On se procure les plans Penn Station (34th rue 7th Avenue) ou vous pouvez consulter le site <a href=\"http:\/\/subwaynavigator.com\" target=\"_blank\">subwaynavigator.com<\/a> pour vous rendre d\u2019un point \u00e0 un autre en m\u00e9tro \u00e0 New York.<br \/>\nLe bus \u00e0 New York est agr\u00e9able mais quelque peu compliqu\u00e9 \u00e0 utiliser. Pour les transferts dans le bus, demander un transfert ticket au chauffeur lorsque vous p\u00e9n\u00e9trez dans le premier bus (valable deux heures).<br \/>\nLes M\u00e9daillon Taxis (tel: +1 212 692 8294) sont les fameux Taxis jaunes associ\u00e9s \u00e0 New York (r\u00e9gul\u00e9s par la Taxi and Limousine Commission). Pour arr\u00eater un taxi, lever le bras d\u00e8s qu&rsquo;un taxi libre s&rsquo;approche (reconnaissable aux num\u00e9ros allum\u00e9s sur le toit de la voiture).<br \/>\nLe prix forfaitaire est de 2 $ et puis 30 cents \/ mile ou chaque 90 secondes avec un suppl\u00e9ment de 50 cents entre 8 heures du soir et 6 heures du matin.<br \/>\nN&rsquo;oubliez pas de prendre votre ticket \u00e0 la fin de course, cela peut s&rsquo;av\u00e9rer utile en cas de perte \u00e0 l&rsquo;int\u00e9rieur du taxi.<\/p>\n<p><strong>Caf\u00e9<\/strong> (dans une ch\u00e2ine comme Starbucks) :\u00a0 entre $3.50et $4.00<strong><br \/>\n<\/strong><strong>Canette de coca<\/strong> : $1.00<br \/>\n<strong>Big Mac<\/strong> : $0.55<br \/>\n<strong>Repas (entr\u00e9e, palt de r\u00e9sistance, dessert dans un restaurant de classe moyenne) <\/strong>: entre $12et $35.00<\/p>\n<p><strong>Plat \u00e0 emporter dans un restaurant asiatique<\/strong> : $4.35 &#8211; $10.75<br \/>\n<strong>Billet de cin\u00e9ma<\/strong> : $11.00<br \/>\n<strong>Entr\u00e9e en discoth\u00e8que :<\/strong>$10 &#8211; $25<\/p>\n<h2><a href=\"http:\/\/www.activa-langues.com\/fr\/sejour-linguistique-aux-etats-unis\/\" target=\"_blank\">S\u00e9jour linguistique aux Etats Unis\u00a0en Floride<\/a><\/h2>\n<h2><a href=\"http:\/\/www.activa-langues.com\/fr\/sejour-linguistique-aux-etats-unis\/fort-lauderdale\/\" target=\"_blank\">Fort Lauderdale<\/a><\/h2>\n<p><strong>Bus : <\/strong> $1.00 l&rsquo;aller simple.<br \/>\n<strong>Taxi :<\/strong> $4.50 pour le premier mile (1.5 kms), puis $2.50 par mile suppl\u00e9mentaire.<\/p>\n<p><strong>Caf\u00e9<\/strong> :\u00a0 $2.00<br \/>\n<strong>Canette de coca<\/strong> : $1.00<br \/>\n<strong>Big Mac<\/strong> : $2.50<br \/>\n<strong>Repas (entr\u00e9e, palt de r\u00e9sistance, dessert dans un restaurant de classe moyenne) <\/strong>: $25 environ<br \/>\n<strong>Plat \u00e0 emporter dans un restaurant asiatique<\/strong> : $8.00<br \/>\n<strong>Billet de cin\u00e9ma<\/strong> : $9.50<br \/>\n<strong>Entr\u00e9e en discoth\u00e8que :<\/strong>A partir de $10<\/p>\n<h2><a href=\"http:\/\/www.activa-langues.com\/fr\/sejour-linguistique-aux-etats-unis\/miami\/\" target=\"_blank\">Miami<\/a><\/h2>\n<p><strong> M\u00e9trobus &amp; M\u00e9trorail <\/strong>: $2<br \/>\n<strong> M\u00e9trobus Express\/Sp\u00e9cial<\/strong> : $2.35<br \/>\n<strong> M\u00e9tromover<\/strong> : Gratuit<\/p>\n<h2><a href=\"http:\/\/www.activa-langues.com\/fr\/sejour-linguistique-aux-etats-unis\/\" target=\"_blank\">S\u00e9jour linguistique aux Etats Unis C\u00f4te-Ouest<\/a><\/h2>\n<h2><a href=\"http:\/\/www.activa-langues.com\/fr\/sejour-linguistique-aux-etats-unis\/honolulu\/\" target=\"_blank\">Honolulu<\/a><\/h2>\n<p style=\"padding-left: 30px;\">A Honolulu, il y a un excellent service de bus de ville. Pour 1,50$, vous pouvez m\u00eame faire le tour de l&rsquo;\u00eele complet. Il suffit de demander le ticket de \u00ab\u00a0transfert\u00a0\u00bb et celui-ci est utilisable pendant 2h30 sur n&rsquo;importe quelle ligne de bus.<\/p>\n<h2><a href=\"http:\/\/www.activa-langues.com\/fr\/sejour-linguistique-aux-etats-unis\/los-angeles\/\" target=\"_blank\">Los Angeles<\/a><\/h2>\n<p><strong>Bus : <\/strong> $1.20 l&rsquo;aller simple.<br \/>\n<strong>Taxi :<\/strong> $2.50 minimum.<br \/>\n<strong>Train : <\/strong>$1.25 aller simple<\/p>\n<p><strong>Caf\u00e9<\/strong> (dans une ch\u00e2ine comme Starbucks) :\u00a0 $2.00<br \/>\n<strong>Canette de coca<\/strong> : $0.75<br \/>\n<strong>Big Mac<\/strong> : $1.99<br \/>\n<strong>Repas (entr\u00e9e, palt de r\u00e9sistance, dessert dans un restaurant de classe moyenne) <\/strong>: $20 environ<br \/>\n<strong>Billet de cin\u00e9ma<\/strong> : Entre $8.00 et $11.00<br \/>\n<strong>Entr\u00e9e en discoth\u00e8que :<\/strong>$20 maximum<\/p>\n<h2><a href=\"http:\/\/www.activa-langues.com\/fr\/sejour-linguistique-aux-etats-unis\/fort-lauderdale\/\" target=\"_blank\">San Diego<\/a><\/h2>\n<p><strong>Bus : <\/strong>Abonnement quotidien $5, r\u00e9ductions pour plusieurs jours ; abonnement mensuel pour le syst\u00e8me de bus $72 ($36 pour les moins de 18 ans)<br \/>\n<strong>Taxi :<\/strong> $2.50 par mile (1.6 kms) (environ)<br \/>\n<strong>Tramway :<\/strong> $2.50 aller simple<br \/>\n<strong>Billet de train : <\/strong>$5.00 aller simple<\/p>\n<p><strong>Caf\u00e9<\/strong> :\u00a0 $3.00<br \/>\n<strong>Canette de coca<\/strong> : $1.50<br \/>\n<strong>Big Mac<\/strong> : $3.50<br \/>\n<strong>Repas (entr\u00e9e, palt de r\u00e9sistance, dessert dans un restaurant de classe moyenne) <\/strong>: $20 environ<br \/>\n<strong>Plat \u00e0 emporter dans un restaurant asiatique<\/strong> : $6.00<br \/>\n<strong>Billet de cin\u00e9ma<\/strong> : $10.50<br \/>\n<strong>Entr\u00e9e en discoth\u00e8que :<\/strong> Gratuite avant 22h, entre $5-$10 apr\u00e8s 22h<\/p>\n<h2><a href=\"http:\/\/www.activa-langues.com\/fr\/sejour-linguistique-aux-etats-unis\/fort-lauderdale\/\" target=\"_blank\">San Francisco<\/a><\/h2>\n<p><strong>Transport en commun : <\/strong>$1.50 aller simple ($15 abonnement hebdomadaire ; $45 mensuel)<br \/>\n<strong>Taxi :<\/strong> entre $5 et 15 $ par mile (1.6 kms) (environ)<\/p>\n<p><strong>Caf\u00e9<\/strong> (dans une ch\u00e2ine comme Starbucks):\u00a0 $2.50<br \/>\n<strong>Canette de coca<\/strong> : $1.00<br \/>\n<strong>Big Mac<\/strong> : $3.00<br \/>\n<strong>Repas (entr\u00e9e, palt de r\u00e9sistance, dessert dans un restaurant de classe moyenne) <\/strong>: $25 environ<br \/>\n<strong>Plat \u00e0 emporter dans un restaurant asiatique<\/strong> : $10.00<br \/>\n<strong>Billet de cin\u00e9ma<\/strong> : $8.00<br \/>\n<strong>Entr\u00e9e en discoth\u00e8que :<\/strong> entre $5-$20<\/p>\n<h2><a href=\"http:\/\/www.activa-langues.com\/fr\/sejour-linguistique-aux-etats-unis\/seattle-region\/\" target=\"_blank\">Seattle<\/a><\/h2>\n<ul>\n<li><strong>Taxi : <\/strong>ticket minimum 2.50$, puis 2.00$ pour chaque mile suppl\u00e9mentaire.<\/li>\n<li>rix d&rsquo;une canette : 10<\/li>\n<li><strong>Bus : <\/strong>1.50$ au sein du country ; 3.00$ pour passer d\u2019un country \u00e0 l\u2019autre.<\/li>\n<li><strong>Train :<\/strong> \u00e0 partir de 6.00$.<\/li>\n<li><strong>Ferry passagers : <\/strong>6.00$<\/li>\n<\/ul>\n<!-- AddThis Advanced Settings generic via filter on the_content --><!-- AddThis Share Buttons generic via filter on the_content -->","protected":false},"excerpt":{"rendered":"<p>Quelques informations pratiques sur les transports en commun pour votre s\u00e9jour linguistique aux Etats-Unis S\u00e9jour linguistique aux Etats Unis C\u00f4te-Est Boston Taxi : $5 minimum M\u00e9tro : Aller simple $2.00 ; abonnement hebdomadaire $15 ; abonnement mensuel (avec le bus) <a class=\"more-link\" href=\"http:\/\/www.blog-sejour-linguistique.fr\/sejours-linguistiques\/informations-pratiques\/sejours-linguistiques-aux-etats-unis\/\">Continuer la lecture <span class=\"screen-reader-text\">  S\u00e9jours linguistiques aux Etats-Unis<\/span><span class=\"meta-nav\">&rarr;<\/span><\/a><!-- AddThis Advanced Settings generic via filter on get_the_excerpt --><!-- AddThis Share Buttons generic via filter on get_the_excerpt --><\/p>\n","protected":false},"author":1,"featured_media":0,"parent":1583,"menu_order":0,"comment_status":"open","ping_status":"open","template":"","meta":{"ngg_post_thumbnail":0,"footnotes":""},"class_list":["post-1633","page","type-page","status-publish","hentry"],"_links":{"self":[{"href":"http:\/\/www.blog-sejour-linguistique.fr\/sejours-linguistiques\/wp-json\/wp\/v2\/pages\/1633","targetHints":{"allow":["GET"]}}],"collection":[{"href":"http:\/\/www.blog-sejour-linguistique.fr\/sejours-linguistiques\/wp-json\/wp\/v2\/pages"}],"about":[{"href":"http:\/\/www.blog-sejour-linguistique.fr\/sejours-linguistiques\/wp-json\/wp\/v2\/types\/page"}],"author":[{"embeddable":true,"href":"http:\/\/www.blog-sejour-linguistique.fr\/sejours-linguistiques\/wp-json\/wp\/v2\/users\/1"}],"replies":[{"embeddable":true,"href":"http:\/\/www.blog-sejour-linguistique.fr\/sejours-linguistiques\/wp-json\/wp\/v2\/comments?post=1633"}],"version-history":[{"count":8,"href":"http:\/\/www.blog-sejour-linguistique.fr\/sejours-linguistiques\/wp-json\/wp\/v2\/pages\/1633\/revisions"}],"predecessor-version":[{"id":1679,"href":"http:\/\/www.blog-sejour-linguistique.fr\/sejours-linguistiques\/wp-json\/wp\/v2\/pages\/1633\/revisions\/1679"}],"up":[{"embeddable":true,"href":"http:\/\/www.blog-sejour-linguistique.fr\/sejours-linguistiques\/wp-json\/wp\/v2\/pages\/1583"}],"wp:attachment":[{"href":"http:\/\/www.blog-sejour-linguistique.fr\/sejours-linguistiques\/wp-json\/wp\/v2\/media?parent=1633"}],"curies":[{"name":"wp","href":"https:\/\/api.w.org\/{rel}","templated":true}]}}