{"id":172,"date":"2013-05-18T10:18:00","date_gmt":"2013-06-18T10:18:00","guid":{"rendered":"http:\/\/www.blog-sejour-linguistique.fr\/sejours-linguistiques\/?page_id=172"},"modified":"2009-04-29T10:18:28","modified_gmt":"2009-04-29T10:18:28","slug":"apprendre-une-langue","status":"publish","type":"page","link":"http:\/\/www.blog-sejour-linguistique.fr\/sejours-linguistiques\/apprendre-une-langue\/","title":{"rendered":"Apprendre une langue"},"content":{"rendered":"<p><img loading=\"lazy\" decoding=\"async\" class=\"aligncenter size-full wp-image-992\" title=\"apprendre-une-langues\" src=\"http:\/\/www.blog-sejour-linguistique.fr\/sejours-linguistiques\/wp-content\/uploads\/2009\/01\/apprendre-une-langues.jpg\" alt=\"apprendre-une-langues\" width=\"630\" height=\"180\" srcset=\"http:\/\/www.blog-sejour-linguistique.fr\/sejours-linguistiques\/wp-content\/uploads\/2009\/01\/apprendre-une-langues.jpg 630w, http:\/\/www.blog-sejour-linguistique.fr\/sejours-linguistiques\/wp-content\/uploads\/2009\/01\/apprendre-une-langues-300x85.jpg 300w\" sizes=\"auto, (max-width: 630px) 100vw, 630px\" \/><\/p>\n<p>Apprendre une langue en plus de sa langue maternelle est bien entendu devenu incontournable aujourd\u2019hui ; Si l\u2019anglais est \u00e9vident, une deuxi\u00e8me, voire troisi\u00e8me langue pour les plus dou\u00e9s s\u2019imposent. Alors toutes les solutions sont possibles : cours de langues \u00e0 l\u2019\u00e9cole, cours particuliers, s\u00e9jours linguistiques \u00e0 l\u2019\u00e9tranger, e-learning\u2026<br \/>\nMais quelle est la formule le plus efficace ?  M\u00eame s\u2019il n\u2019existe pas de recette, l\u2019apprentissage de la langue dans le pays o\u00f9 elle parl\u00e9e reste la meilleure solution, encore faut-il \u00e9viter de se retrouver entre fran\u00e7ais car l\u00e0\u2026 rien de bon !<br \/>\nEtre coup\u00e9 de son environnement linguistique et culturel, s\u2019immerger dans celui que l\u2019on souhaite conna\u00eetre, n\u00e9cessite une r\u00e9elle motivation et une farouche volont\u00e9 d\u2019apprendre. Car une langue, c\u2019est comme un sport : c\u2019est un entrainement constant qui permet de rester en forme ! Une des formules les plus efficaces est <a href=\"http:\/\/www.activa-langues.com\/fr\/programme-cours-chez-le-professeur-pour-l-anglais\/vivre-en-immersion-totale\/\" target=\"_blank\">l\u2019immersion chez son professeur<\/a>, tous ceux qui sont pass\u00e9s par l\u00e0 vous le diront : il n\u2019y a pas mieux ! C\u2019est de l\u2019immersion culturelle avec les cours en plus car il faut vraiment une bonne connaissance de la structure de la langue avant de pouvoir avancer !<br \/>\nEnfin, m\u00eame si vous avez pass\u00e9 trois ou 6  mois \u00e0 l\u2019\u00e9tranger, que vous vous sentez bien dans la langue que vous avez apprise\u2026 si vous n\u2019entretenez pas vos acquis, vous devrez recommencer  \u00e0 nouveau !<br \/>\nUn conseil : restez d\u2019une fa\u00e7on ou d\u2019une autre en contact avec la langue ( voyages, chansons, films, radio, TV\u2026) si vous ne voulez pas l\u2019oublier\u2026<\/p>\n<!-- AddThis Advanced Settings generic via filter on the_content --><!-- AddThis Share Buttons generic via filter on the_content -->","protected":false},"excerpt":{"rendered":"<p>Apprendre une langue en plus de sa langue maternelle est bien entendu devenu incontournable aujourd\u2019hui ; Si l\u2019anglais est \u00e9vident, une deuxi\u00e8me, voire troisi\u00e8me langue pour les plus dou\u00e9s s\u2019imposent. Alors toutes les solutions sont possibles : cours de langues <a class=\"more-link\" href=\"http:\/\/www.blog-sejour-linguistique.fr\/sejours-linguistiques\/apprendre-une-langue\/\">Continuer la lecture <span class=\"screen-reader-text\">  Apprendre une langue<\/span><span class=\"meta-nav\">&rarr;<\/span><\/a><!-- AddThis Advanced Settings generic via filter on get_the_excerpt --><!-- AddThis Share Buttons generic via filter on get_the_excerpt --><\/p>\n","protected":false},"author":1,"featured_media":0,"parent":0,"menu_order":4,"comment_status":"closed","ping_status":"open","template":"","meta":{"ngg_post_thumbnail":0,"footnotes":""},"class_list":["post-172","page","type-page","status-publish","hentry"],"_links":{"self":[{"href":"http:\/\/www.blog-sejour-linguistique.fr\/sejours-linguistiques\/wp-json\/wp\/v2\/pages\/172","targetHints":{"allow":["GET"]}}],"collection":[{"href":"http:\/\/www.blog-sejour-linguistique.fr\/sejours-linguistiques\/wp-json\/wp\/v2\/pages"}],"about":[{"href":"http:\/\/www.blog-sejour-linguistique.fr\/sejours-linguistiques\/wp-json\/wp\/v2\/types\/page"}],"author":[{"embeddable":true,"href":"http:\/\/www.blog-sejour-linguistique.fr\/sejours-linguistiques\/wp-json\/wp\/v2\/users\/1"}],"replies":[{"embeddable":true,"href":"http:\/\/www.blog-sejour-linguistique.fr\/sejours-linguistiques\/wp-json\/wp\/v2\/comments?post=172"}],"version-history":[{"count":7,"href":"http:\/\/www.blog-sejour-linguistique.fr\/sejours-linguistiques\/wp-json\/wp\/v2\/pages\/172\/revisions"}],"predecessor-version":[{"id":1014,"href":"http:\/\/www.blog-sejour-linguistique.fr\/sejours-linguistiques\/wp-json\/wp\/v2\/pages\/172\/revisions\/1014"}],"wp:attachment":[{"href":"http:\/\/www.blog-sejour-linguistique.fr\/sejours-linguistiques\/wp-json\/wp\/v2\/media?parent=172"}],"curies":[{"name":"wp","href":"https:\/\/api.w.org\/{rel}","templated":true}]}}