{"id":177,"date":"2013-05-18T10:18:00","date_gmt":"2013-06-18T10:18:00","guid":{"rendered":"http:\/\/www.blog-sejour-linguistique.fr\/sejours-linguistiques\/?page_id=177"},"modified":"2014-05-14T15:24:52","modified_gmt":"2014-05-14T15:24:52","slug":"ecoles-de-langues","status":"publish","type":"page","link":"http:\/\/www.blog-sejour-linguistique.fr\/sejours-linguistiques\/ecoles-de-langues\/","title":{"rendered":"\u00c9coles de langues"},"content":{"rendered":"<h3><img loading=\"lazy\" decoding=\"async\" class=\"aligncenter size-full wp-image-990\" title=\"ecoles-de-langues\" src=\"http:\/\/www.blog-sejour-linguistique.fr\/sejours-linguistiques\/wp-content\/uploads\/2009\/01\/ecoles-de-langues.jpg\" alt=\"ecoles-de-langues\" width=\"630\" height=\"180\" srcset=\"http:\/\/www.blog-sejour-linguistique.fr\/sejours-linguistiques\/wp-content\/uploads\/2009\/01\/ecoles-de-langues.jpg 630w, http:\/\/www.blog-sejour-linguistique.fr\/sejours-linguistiques\/wp-content\/uploads\/2009\/01\/ecoles-de-langues-300x85.jpg 300w\" sizes=\"auto, (max-width: 630px) 100vw, 630px\" \/><\/h3>\n<h3>Qu\u2019est ce qu\u2019une \u00e9cole de langue au sens des s\u00e9jours linguistiques ?<\/h3>\n<p>Il s\u2019agit d\u2019un \u00e9tablissement d\u2019enseignement sp\u00e9cialis\u00e9 dans l\u2019enseignement de la langue du pays o\u00f9 elle est situ\u00e9e, \u00e0 des \u00e9trangers.<br \/>\nCe sont des \u00e9tablissements scolaires qui doivent \u00eatre accr\u00e9dit\u00e9s par les organismes \u00e9ducatifs officiels du pays ainsi que par des organismes internationaux. Pour plus d\u2019information sur ces <a href=\"http:\/\/www.activa-langues.com\/fr\/garantie-de-qualite-des-sejours-linguistiques\/\" target=\"_blank\">labels de qualit\u00e9 sur les s\u00e9jours linguistiques<\/a>\u00a0<a href=\"http:\/\/www.activa-langues.com\/fr\/garantie-de-qualite-des-sejours-linguistiques\/\" target=\"_blank\">voir sur ce lien.<\/a><\/p>\n<h3>Tous les professeurs sont dipl\u00f4m\u00e9s dans l&rsquo;enseignement de leur langue maternelle \u00e0 des \u00e9trangers&#8230;<\/h3>\n<p>Ces \u00e9tablissements doivent disposer d\u2019\u00e9quipements sp\u00e9cifiques aux centres de formation tels que biblioth\u00e8que, vid\u00e9oth\u00e8que, laboratoire de langues, etc..<br \/>\nIls sont habilit\u00e9s \u00e0 recevoir des \u00e9tudiants du monde entier ce qui en fait des \u00e9coles internationales. Ils peuvent accueillir les \u00e9tudiants pour des programmes linguistiques allant de quelques semaines pendant l\u2019\u00e9t\u00e9 et les vacances jusqu\u2019 \u00e0 plusieurs mois.<br \/>\nOn trouve sur le site <a href=\"http:\/\/www.activa-langues.com\/\" target=\"_blank\">activa-langues<\/a> une s\u00e9lection des meilleurs \u00e9tablissements agr\u00e9\u00e9s dans le monde par pays :<\/p>\n<ul>\n<li><a href=\"http:\/\/www.activa-langues.com\/fr\/ecoles-de-langues-en-allemagne\/\" target=\"_blank\">Ecoles de langues en Allemagne<\/a><\/li>\n<li><a href=\"http:\/\/www.activa-langues.com\/fr\/ecoles-de-langues-en-angleterre\/\" target=\"_blank\">Ecoles de langues en Angleterre<\/a><\/li>\n<li><a href=\"http:\/\/www.activa-langues.com\/fr\/ecoles-de-langues-en-australie\/\" target=\"_blank\">Ecoles de langues en Australie<\/a><\/li>\n<li><a href=\"http:\/\/www.activa-langues.com\/fr\/ecoles-de-langues-aux-etats-unis\/\" target=\"_blank\">Ecoles de langues aux USA<\/a><\/li>\n<li><a href=\"http:\/\/www.activa-langues.com\/fr\/ecoles-de-langues-au-canada\/\" target=\"_blank\">Ecoles de langues aux Canada<\/a><\/li>\n<li><a href=\"http:\/\/www.activa-langues.com\/fr\/ecoles-de-langues-au-chine\/\" target=\"_blank\">Ecoles de langues en Chine<\/a><\/li>\n<li><a href=\"http:\/\/www.activa-langues.com\/fr\/ecoles-de-langues-en-france\/\" target=\"_blank\">Ecoles de langues en France<\/a><\/li>\n<li>etc.<\/li>\n<\/ul>\n<!-- AddThis Advanced Settings generic via filter on the_content --><!-- AddThis Share Buttons generic via filter on the_content -->","protected":false},"excerpt":{"rendered":"<p>Qu\u2019est ce qu\u2019une \u00e9cole de langue au sens des s\u00e9jours linguistiques ? Il s\u2019agit d\u2019un \u00e9tablissement d\u2019enseignement sp\u00e9cialis\u00e9 dans l\u2019enseignement de la langue du pays o\u00f9 elle est situ\u00e9e, \u00e0 des \u00e9trangers. Ce sont des \u00e9tablissements scolaires qui doivent \u00eatre <a class=\"more-link\" href=\"http:\/\/www.blog-sejour-linguistique.fr\/sejours-linguistiques\/ecoles-de-langues\/\">Continuer la lecture <span class=\"screen-reader-text\">  \u00c9coles de langues<\/span><span class=\"meta-nav\">&rarr;<\/span><\/a><!-- AddThis Advanced Settings generic via filter on get_the_excerpt --><!-- AddThis Share Buttons generic via filter on get_the_excerpt --><\/p>\n","protected":false},"author":1,"featured_media":0,"parent":0,"menu_order":2,"comment_status":"closed","ping_status":"open","template":"","meta":{"ngg_post_thumbnail":0,"footnotes":""},"class_list":["post-177","page","type-page","status-publish","hentry"],"_links":{"self":[{"href":"http:\/\/www.blog-sejour-linguistique.fr\/sejours-linguistiques\/wp-json\/wp\/v2\/pages\/177","targetHints":{"allow":["GET"]}}],"collection":[{"href":"http:\/\/www.blog-sejour-linguistique.fr\/sejours-linguistiques\/wp-json\/wp\/v2\/pages"}],"about":[{"href":"http:\/\/www.blog-sejour-linguistique.fr\/sejours-linguistiques\/wp-json\/wp\/v2\/types\/page"}],"author":[{"embeddable":true,"href":"http:\/\/www.blog-sejour-linguistique.fr\/sejours-linguistiques\/wp-json\/wp\/v2\/users\/1"}],"replies":[{"embeddable":true,"href":"http:\/\/www.blog-sejour-linguistique.fr\/sejours-linguistiques\/wp-json\/wp\/v2\/comments?post=177"}],"version-history":[{"count":21,"href":"http:\/\/www.blog-sejour-linguistique.fr\/sejours-linguistiques\/wp-json\/wp\/v2\/pages\/177\/revisions"}],"predecessor-version":[{"id":1666,"href":"http:\/\/www.blog-sejour-linguistique.fr\/sejours-linguistiques\/wp-json\/wp\/v2\/pages\/177\/revisions\/1666"}],"wp:attachment":[{"href":"http:\/\/www.blog-sejour-linguistique.fr\/sejours-linguistiques\/wp-json\/wp\/v2\/media?parent=177"}],"curies":[{"name":"wp","href":"https:\/\/api.w.org\/{rel}","templated":true}]}}