{"id":18,"date":"2013-05-18T10:18:00","date_gmt":"2013-06-18T10:18:00","guid":{"rendered":"http:\/\/www.blog-sejour-linguistique.fr\/sejours-linguistiques\/?page_id=18"},"modified":"2014-05-14T15:40:58","modified_gmt":"2014-05-14T15:40:58","slug":"stages-a-l-etranger","status":"publish","type":"page","link":"http:\/\/www.blog-sejour-linguistique.fr\/sejours-linguistiques\/stages-a-l-etranger\/","title":{"rendered":"Stages \u00e0 l&rsquo;\u00e9tranger"},"content":{"rendered":"<p><img loading=\"lazy\" decoding=\"async\" class=\"aligncenter size-full wp-image-996\" title=\"stage\" src=\"http:\/\/www.blog-sejour-linguistique.fr\/sejours-linguistiques\/wp-content\/uploads\/2009\/01\/stage.jpg\" alt=\"stage\" width=\"630\" height=\"180\" srcset=\"http:\/\/www.blog-sejour-linguistique.fr\/sejours-linguistiques\/wp-content\/uploads\/2009\/01\/stage.jpg 630w, http:\/\/www.blog-sejour-linguistique.fr\/sejours-linguistiques\/wp-content\/uploads\/2009\/01\/stage-300x85.jpg 300w\" sizes=\"auto, (max-width: 630px) 100vw, 630px\" \/><\/p>\n<p>Il y a plusieurs fa\u00e7ons d\u2019aborder le <a href=\"http:\/\/www.activa-langues.com\/fr\/cours-d-anglais-a-l-etranger\/cours-de-langue-stage-en-entreprise\/\" target=\"_blank\">stage en entreprise \u00e0 l\u2019\u00e9tranger<\/a> : certains vous diront qu\u2019il s\u2019agit\u00a0 d\u2019acqu\u00e9rir une exp\u00e9rience professionnelle, que le stage va vous aider \u00e0 mettre en pratique un savoir th\u00e9orique, \u00e0 tester d\u2019une part vos comp\u00e9tences sur le terrain, d\u2019autre part votre int\u00e9r\u00eat pour tel ou tel poste, tel ou tel m\u00e9tier. D\u2019autres dirons qu\u2019il s\u2019agit\u00a0 plus d&rsquo;une immersion au sein d&rsquo;une entreprise\u00a0 \u00e9trang\u00e8re que d&rsquo;un stage professionnalisant \u00e0 proprement parl\u00e9, qu\u2019il vous permettra de d\u00e9couvrir le fonctionnement d&rsquo;une entreprise mais \u00e9galement de mettre en pratique vos comp\u00e9tences linguistiques\u2026 Renseignez-vous, la d\u00e9finition du stage n\u2019est pas la m\u00eame dans tous les pays.<br \/>\nMais ce qui est s\u00fbr, et\u00a0 tous ceux qui ont \u00e9t\u00e9 stagiaires vous le diront : que cette exp\u00e9rience soit bonne ou mauvaise, elle est toujours instructive. Dans le cas d\u2019un <a href=\"http:\/\/www.activa-langues.com\/bin\/fr\/recherche-par-mot-cle.pl?slot1_key=stage.*&amp;\" target=\"_blank\">stage \u00e0 l\u2019\u00e9tranger<\/a>, le fait de se trouver confront\u00e9 \u00e0 une autre langue, une autre culture, peut entra\u00eener des difficult\u00e9s de toutes sortes.<br \/>\nSongez que les <a href=\"http:\/\/www.activa-langues.com\/fr\/cours-d-anglais-a-l-etranger\/cours-de-langue-stage-en-entreprise\/\" target=\"_blank\">stages<\/a> ne sont pas r\u00e9mun\u00e9r\u00e9s, que vous aurez \u00e0 trouver un logement sur place, \u00e0 payer le voyage, etc. Ce sont aussi des facteurs qu\u2019il faut prendre en compte avant de vous lancer.<br \/>\nMa\u00eetriser la langue du pays o\u00f9 vous postulez est une condition INCONTOURNABLE. Et r\u00e9diger un CV et une lettre de motivation aussi !<br \/>\nOn voit maintenant appara\u00eetre de nouvelles formules qui allient une p\u00e9riode de cours de langues suivie par le <a href=\"http:\/\/www.activa-langues.com\/fr\/cours-d-anglais-a-l-etranger\/cours-de-langue-stage-en-entreprise\/\" target=\"_blank\">stage en entreprise<\/a> qui fait l\u2019objet lui-m\u00eame d\u2019un suivi par un professeur de l\u2019\u00e9cole o\u00f9 vous aurez suivi votre mise \u00e0 niveau en langue. Celui-ci pourra vous aider \u00e0 pr\u00e9parer vos entretiens d\u2019embauche, vos CV et lettres de motivation et vous conseiller tout au long du stage\u2026. Ces programme sont appel\u00e9s \u00ab <a href=\"http:\/\/www.activa-langues.com\/bin\/fr\/recherche-par-mot-cle.pl?slot1_key=stage.*&amp;\" target=\"_blank\">stages tutor\u00e9s<\/a> \u00bb. Le degr\u00e9 de tutoring est variable en fonction des pays et des centres\u00a0 de formation\u2026Donc \u00e0 \u00e9tudier au cas par cas !<br \/>\nPour en savoir plus sur <a href=\"http:\/\/www.activa-langues.com\/fr\/cours-d-anglais-a-l-etranger\/cours-de-langue-stage-en-entreprise\/\" target=\"_blank\">les stages \u00e0 l&rsquo;\u00e9tranger voyez ici <\/a><\/p>\n<!-- AddThis Advanced Settings generic via filter on the_content --><!-- AddThis Share Buttons generic via filter on the_content -->","protected":false},"excerpt":{"rendered":"<p>Il y a plusieurs fa\u00e7ons d\u2019aborder le stage en entreprise \u00e0 l\u2019\u00e9tranger : certains vous diront qu\u2019il s\u2019agit\u00a0 d\u2019acqu\u00e9rir une exp\u00e9rience professionnelle, que le stage va vous aider \u00e0 mettre en pratique un savoir th\u00e9orique, \u00e0 tester d\u2019une part vos <a class=\"more-link\" href=\"http:\/\/www.blog-sejour-linguistique.fr\/sejours-linguistiques\/stages-a-l-etranger\/\">Continuer la lecture <span class=\"screen-reader-text\">  Stages \u00e0 l&rsquo;\u00e9tranger<\/span><span class=\"meta-nav\">&rarr;<\/span><\/a><!-- AddThis Advanced Settings generic via filter on get_the_excerpt --><!-- AddThis Share Buttons generic via filter on get_the_excerpt --><\/p>\n","protected":false},"author":1,"featured_media":0,"parent":0,"menu_order":7,"comment_status":"closed","ping_status":"open","template":"","meta":{"ngg_post_thumbnail":0,"footnotes":""},"class_list":["post-18","page","type-page","status-publish","hentry"],"_links":{"self":[{"href":"http:\/\/www.blog-sejour-linguistique.fr\/sejours-linguistiques\/wp-json\/wp\/v2\/pages\/18","targetHints":{"allow":["GET"]}}],"collection":[{"href":"http:\/\/www.blog-sejour-linguistique.fr\/sejours-linguistiques\/wp-json\/wp\/v2\/pages"}],"about":[{"href":"http:\/\/www.blog-sejour-linguistique.fr\/sejours-linguistiques\/wp-json\/wp\/v2\/types\/page"}],"author":[{"embeddable":true,"href":"http:\/\/www.blog-sejour-linguistique.fr\/sejours-linguistiques\/wp-json\/wp\/v2\/users\/1"}],"replies":[{"embeddable":true,"href":"http:\/\/www.blog-sejour-linguistique.fr\/sejours-linguistiques\/wp-json\/wp\/v2\/comments?post=18"}],"version-history":[{"count":17,"href":"http:\/\/www.blog-sejour-linguistique.fr\/sejours-linguistiques\/wp-json\/wp\/v2\/pages\/18\/revisions"}],"predecessor-version":[{"id":1675,"href":"http:\/\/www.blog-sejour-linguistique.fr\/sejours-linguistiques\/wp-json\/wp\/v2\/pages\/18\/revisions\/1675"}],"wp:attachment":[{"href":"http:\/\/www.blog-sejour-linguistique.fr\/sejours-linguistiques\/wp-json\/wp\/v2\/media?parent=18"}],"curies":[{"name":"wp","href":"https:\/\/api.w.org\/{rel}","templated":true}]}}