{"id":180,"date":"2013-05-18T10:18:00","date_gmt":"2013-06-18T10:18:00","guid":{"rendered":"http:\/\/www.blog-sejour-linguistique.fr\/sejours-linguistiques\/?page_id=180"},"modified":"2014-05-14T15:27:34","modified_gmt":"2014-05-14T15:27:34","slug":"cours-de-langues","status":"publish","type":"page","link":"http:\/\/www.blog-sejour-linguistique.fr\/sejours-linguistiques\/cours-de-langues\/","title":{"rendered":"Cours de langues"},"content":{"rendered":"<p><!--more--><strong>Il existe une multitude de formules de cours de langues, pour \u00eatre plus clair voici ce que l\u2019on peut trouver :<\/strong><br \/>\n<img loading=\"lazy\" decoding=\"async\" class=\"alignleft size-full wp-image-681\" title=\"_2\" src=\"http:\/\/www.blog-sejour-linguistique.fr\/sejours-linguistiques\/wp-content\/uploads\/2009\/01\/_2.jpg\" alt=\"_2\" width=\"55\" height=\"55\" \/><\/p>\n<h1><a href=\"http:\/\/www.activa-langues.com\/fr\/cours-d-anglais-a-l-etranger\/cours-standard\/\" target=\"_blank\">Cours standard<\/a><\/h1>\n<p>Destin\u00e9 \u00e0 l&rsquo;apprentissage g\u00e9n\u00e9ral de la langue : permet d&rsquo;acqu\u00e9rir des comp\u00e9tences de communication utiles \u00e0 une grande vari\u00e9t\u00e9 de situations courantes de la vie quotidienne.<br \/>\nIl permet d&rsquo;accro\u00eetre vos connaissances grammaticales, votre vocabulaire et votre prononciation.<br \/>\nUn s\u00e9jour linguistique en cours standard convient \u00e0 tous ceux qui veulent apprendre ou am\u00e9liorer une langue tout en ayant la possibilit\u00e9 de la pratiquer au quotidien dans le pays o\u00f9 elle est parl\u00e9e.<\/p>\n<h4>Objectifs<\/h4>\n<ul>\n<li>D\u00e9velopper vos connaissances g\u00e9n\u00e9rales<\/li>\n<li>Expression \u00e9crite et orale<\/li>\n<li>Compr\u00e9hension \u00e9crite et orale<\/li>\n<li>Mieux communiquer dans un environnement de mise en situation r\u00e9elle<\/li>\n<\/ul>\n<h4>Contenu (Selon les besoins et les int\u00e9r\u00eats du groupe) :<\/h4>\n<ul>\n<li>Grammaire<\/li>\n<li>Vocabulaire<\/li>\n<li>Compr\u00e9hension orale<\/li>\n<li>Expression orale<\/li>\n<li>Jeux de r\u00f4le<\/li>\n<li>Prononciation<\/li>\n<li>Lecture<\/li>\n<li>R\u00e9daction<\/li>\n<\/ul>\n<h4>Avantages :<\/h4>\n<p>Destin\u00e9 aussi bien aux d\u00e9butants qu&rsquo;aux avanc\u00e9s<\/p>\n<p>Niveau minimum requis : <strong>D\u00e9butant<\/strong><\/p>\n<p><img loading=\"lazy\" decoding=\"async\" class=\"alignleft size-full wp-image-684\" title=\"_3\" src=\"http:\/\/www.blog-sejour-linguistique.fr\/sejours-linguistiques\/wp-content\/uploads\/2009\/01\/_3.jpg\" alt=\"_3\" width=\"55\" height=\"55\" \/><\/p>\n<h1><a href=\"http:\/\/www.activa-langues.com\/fr\/cours-d-anglais-a-l-etranger\/cours-intensif\/\" target=\"_blank\">Cours intensif<\/a><\/h1>\n<p>Comme le cours standard il est destin\u00e9 \u00e0 l&rsquo;apprentissage g\u00e9n\u00e9ral de la langue.<br \/>\nPermet d&rsquo;acqu\u00e9rir des comp\u00e9tences de communication utiles \u00e0 une grande vari\u00e9t\u00e9 de situations courantes de la vie quotidienne.<br \/>\nPlus d&rsquo;heures de cours pour progresser plus rapidement pendant ce s\u00e9jour linguistique.<\/p>\n<h4>Objectifs :<\/h4>\n<ul>\n<li>D\u00e9velopper vos connaissances g\u00e9n\u00e9rales<\/li>\n<li>Expression \u00e9crites et orale<\/li>\n<li>Compr\u00e9hension \u00e9crite et orale<\/li>\n<li>Mieux communiquer dans un environnement de mise en situation r\u00e9elle<\/li>\n<\/ul>\n<h4>Contenu (Selon les besoins et les int\u00e9r\u00eats du groupe) :<\/h4>\n<ul>\n<li>Grammaire<\/li>\n<li>Vocabulaire<\/li>\n<li>Compr\u00e9hension orale<\/li>\n<li>Expression orale<\/li>\n<li>Jeux de r\u00f4le<\/li>\n<li>Prononciation<\/li>\n<li>Lecture<\/li>\n<li>R\u00e9daction<\/li>\n<\/ul>\n<h4>Avantages :<\/h4>\n<p>Destin\u00e9 aussi bien aux d\u00e9butants qu&rsquo;aux avanc\u00e9s<br \/>\nNiveau minimum requis :<strong> D\u00e9butant<\/strong><\/p>\n<p><img loading=\"lazy\" decoding=\"async\" class=\"alignleft size-full wp-image-686\" title=\"_5\" src=\"http:\/\/www.blog-sejour-linguistique.fr\/sejours-linguistiques\/wp-content\/uploads\/2009\/01\/_5.jpg\" alt=\"_5\" width=\"47\" height=\"47\" \/><\/p>\n<h1><a href=\"http:\/\/www.activa-langues.com\/fr\/cours-d-anglais-a-l-etranger\/cours-individuels-one-to-one\/\" target=\"_blank\">Cours individuels &#8211; \u201dOne-to-One\u201d<\/a><\/h1>\n<p>Le must du s\u00e9jour linguistique !<br \/>\nPermet de b\u00e9n\u00e9ficier d&rsquo;un enseignement individualis\u00e9 pour atteindre des objectifs pr\u00e9cis en peu de temps.<br \/>\nBien entendu, ce cours est du sur mesure, \u00e9voluant \u00e0 votre rythme et \u00e0 votre niveau.<\/p>\n<h4>Objectifs :<\/h4>\n<ul>\n<li>d\u00e9velopper vos connaissances g\u00e9n\u00e9rales<\/li>\n<li>expression \u00e9crites et orale<\/li>\n<li>compr\u00e9hension \u00e9crite et orale<\/li>\n<li>mieux communiquer dans un environnement de mise en situation r\u00e9elle<\/li>\n<\/ul>\n<h4>Contenu (\u00c0 la carte) :<\/h4>\n<ul>\n<li>grammaire<\/li>\n<li>vocabulaire ou vocabulaire sp\u00e9cifique<\/li>\n<li>compr\u00e9hension orale<\/li>\n<li>expression orale<\/li>\n<li>jeux de r\u00f4le<\/li>\n<li>prononciation<\/li>\n<li>lecture<\/li>\n<li>r\u00e9daction<\/li>\n<\/ul>\n<h4>Avantages :<\/h4>\n<p>Destin\u00e9s aussi bien aux d\u00e9butants qu&rsquo;aux avanc\u00e9s.<\/p>\n<p><img loading=\"lazy\" decoding=\"async\" class=\"alignleft size-full wp-image-688\" title=\"_6\" src=\"http:\/\/www.blog-sejour-linguistique.fr\/sejours-linguistiques\/wp-content\/uploads\/2009\/01\/_6.jpg\" alt=\"_6\" width=\"46\" height=\"46\" \/><\/p>\n<h1><a href=\"http:\/\/www.activa-langues.com\/fr\/cours-d-anglais-chez-le-professeur\/cours-individuels-chez-le-professeur\/\" target=\"_blank\">Cours individuels chez le professeur<\/a><\/h1>\n<p>Vivez et \u00e9tudiez chez votre professeur ! Vous dormez, mangez et participez \u00e0 la vie de famille de votre professeur. Vous apprenez tout au long de la journ\u00e9e et vous assistez aussi \u00e0 des le\u00e7ons individuelles. Les cours sont pr\u00e9par\u00e9s sp\u00e9cialement en fonction de vos besoins, pas pour un groupe d&rsquo;\u00e9tudiants \u00e0 la diff\u00e9rence d&rsquo;autres s\u00e9jours linguistiques. Notez bien que tous nos professeurs ont un dipl\u00f4me universitaire ou son \u00e9quivalent d\u00e9livr\u00e9 par l&rsquo;Etat.<br \/>\nLe plus : vous \u00eates compl\u00e8tement isol\u00e9 de votre langue maternelle. Vous avez la possibilit\u00e9 de choisir entre 10, 15, 20, 25 ou 30 heures de cours particuliers par semaine, avec un professeur hautement qualifi\u00e9. La plupart du temps, pour les jeunes \u00e9tudiants ou les personnes qui effectuent de longs s\u00e9jours, le programme de 15 heures de cours est amplement suffisant. Un homme d&rsquo;affaires, qui ne dispose que d&rsquo;une ou deux semaines et qui souhaite des progr\u00e8s rapides, choisira plut\u00f4t le programme de 25 heures.<\/p>\n<h4>Objectifs :<\/h4>\n<ul>\n<li>d\u00e9velopper vos connaissances g\u00e9n\u00e9rales<\/li>\n<li>expression \u00e9crites et orale<\/li>\n<li>compr\u00e9hension \u00e9crite et orale<\/li>\n<li>mieux communiquer dans un environnement de mise en situation r\u00e9elle<\/li>\n<\/ul>\n<h4>Contenu (\u00c0 la carte) :<\/h4>\n<ul>\n<li>grammaire<\/li>\n<li>vocabulaire ou vocabulaire sp\u00e9cifique<\/li>\n<li>compr\u00e9hension orale<\/li>\n<li>expression orale<\/li>\n<li>jeux de r\u00f4le<\/li>\n<li>prononciation<\/li>\n<li>lecture<\/li>\n<li>r\u00e9daction<\/li>\n<\/ul>\n<h4>Avantages :<\/h4>\n<p>Destin\u00e9s aussi bien aux d\u00e9butants qu&rsquo;aux avanc\u00e9s.<br \/>\nNiveau minimum requis : <strong>El\u00e9mentaire &#8211; A1<\/strong><\/p>\n<p><img loading=\"lazy\" decoding=\"async\" class=\"alignleft size-full wp-image-689\" title=\"_4\" src=\"http:\/\/www.blog-sejour-linguistique.fr\/sejours-linguistiques\/wp-content\/uploads\/2009\/01\/_4.jpg\" alt=\"_4\" width=\"55\" height=\"55\" \/><\/p>\n<h1><a href=\"http:\/\/www.activa-langues.com\/fr\/cours-d-anglais-a-l-etranger\/cours-combine\/\" target=\"_blank\">Cours combin\u00e9<\/a><\/h1>\n<p>G\u00e9n\u00e9ralement, cours de groupe le matin et cours individuels l&rsquo;apr\u00e8s-midi<br \/>\nPermet d&rsquo;approfondir ce qui a \u00e9t\u00e9 \u00e9tudi\u00e9 le matin ou d&rsquo;\u00e9tudier un sujet sp\u00e9cifique l&rsquo;apr\u00e8s-midi.<\/p>\n<h4>Objectifs :<\/h4>\n<ul>\n<li>d\u00e9velopper vos connaissances g\u00e9n\u00e9rales<\/li>\n<li>expression \u00e9crites et orale<\/li>\n<li>compr\u00e9hension \u00e9crite et orale<\/li>\n<li>mieux communiquer dans un environnement de mise en situation r\u00e9elle<\/li>\n<\/ul>\n<h4>Contenu :<\/h4>\n<ul>\n<li>grammaire<\/li>\n<li>vocabulaire<\/li>\n<li>compr\u00e9hension orale<\/li>\n<li>expression orale<\/li>\n<li>jeux de r\u00f4le<\/li>\n<li>prononciation<\/li>\n<li>lecture<\/li>\n<li>r\u00e9daction<\/li>\n<\/ul>\n<h4>Avantages :<\/h4>\n<p>Destin\u00e9s aussi bien aux d\u00e9butants qu&rsquo;aux avanc\u00e9s<\/p>\n<p><img loading=\"lazy\" decoding=\"async\" class=\"alignleft size-full wp-image-690\" title=\"_1\" src=\"http:\/\/www.blog-sejour-linguistique.fr\/sejours-linguistiques\/wp-content\/uploads\/2009\/01\/_1.jpg\" alt=\"_1\" width=\"65\" height=\"65\" \/><\/p>\n<h1><a href=\"http:\/\/www.activa-langues.com\/fr\/cours-d-anglais-a-l-etranger\/cours-de-langues-en-mini-groupe\/\" target=\"_blank\">Cours de langues en mini groupe<\/a><\/h1>\n<p>Le cours en mini groupe est id\u00e9al pour vous si vous \u00eates tr\u00e8s motiv\u00e9s et que vous disposez de peu de temps pour \u00e9tudier la langue.<br \/>\nCette formation vous garantit un maximum de progr\u00e8s en un minimum de temps. Les classes sont de style s\u00e9minaire en petits groupe de 6 \u00e9tudiants maximum.<br \/>\nLa formule vous aidera \u00e0 d\u00e9velopper votre anglais g\u00e9n\u00e9ral dans plusieurs domaines cl\u00e9s : conversation, \u00e9coute, lecture et r\u00e9daction. Ma\u00eetrise des structures et connaissances grammaticales.<br \/>\nLa formule intensive offre une option langue des affaires. Les m\u00e9thodes d&rsquo;\u00e9tudes privil\u00e9gient l&rsquo;interactivit\u00e9 et se fondent sur les jeux de r\u00f4le, les \u00e9tudes de cas, les groupes de discussion et l&rsquo;analyse des relations entre les cultures.<br \/>\nLes professeurs utilisent des documents contemporains et tir\u00e9s des m\u00e9dias, dont la t\u00e9l\u00e9vision et l&rsquo;internet.<br \/>\nNiveau minimum requis : <strong>El\u00e9mentaire &#8211; A1<\/strong><\/p>\n<!-- AddThis Advanced Settings generic via filter on the_content --><!-- AddThis Share Buttons generic via filter on the_content -->","protected":false},"excerpt":{"rendered":"<p><!-- AddThis Advanced Settings generic via filter on get_the_excerpt --><!-- AddThis Share Buttons generic via filter on get_the_excerpt --><\/p>\n","protected":false},"author":1,"featured_media":0,"parent":0,"menu_order":1,"comment_status":"closed","ping_status":"open","template":"","meta":{"ngg_post_thumbnail":0,"footnotes":""},"class_list":["post-180","page","type-page","status-publish","hentry"],"_links":{"self":[{"href":"http:\/\/www.blog-sejour-linguistique.fr\/sejours-linguistiques\/wp-json\/wp\/v2\/pages\/180","targetHints":{"allow":["GET"]}}],"collection":[{"href":"http:\/\/www.blog-sejour-linguistique.fr\/sejours-linguistiques\/wp-json\/wp\/v2\/pages"}],"about":[{"href":"http:\/\/www.blog-sejour-linguistique.fr\/sejours-linguistiques\/wp-json\/wp\/v2\/types\/page"}],"author":[{"embeddable":true,"href":"http:\/\/www.blog-sejour-linguistique.fr\/sejours-linguistiques\/wp-json\/wp\/v2\/users\/1"}],"replies":[{"embeddable":true,"href":"http:\/\/www.blog-sejour-linguistique.fr\/sejours-linguistiques\/wp-json\/wp\/v2\/comments?post=180"}],"version-history":[{"count":136,"href":"http:\/\/www.blog-sejour-linguistique.fr\/sejours-linguistiques\/wp-json\/wp\/v2\/pages\/180\/revisions"}],"predecessor-version":[{"id":1668,"href":"http:\/\/www.blog-sejour-linguistique.fr\/sejours-linguistiques\/wp-json\/wp\/v2\/pages\/180\/revisions\/1668"}],"wp:attachment":[{"href":"http:\/\/www.blog-sejour-linguistique.fr\/sejours-linguistiques\/wp-json\/wp\/v2\/media?parent=180"}],"curies":[{"name":"wp","href":"https:\/\/api.w.org\/{rel}","templated":true}]}}