{"id":6,"date":"2008-04-06T12:49:35","date_gmt":"2008-04-06T10:49:35","guid":{"rendered":"http:\/\/www.appiacom.net\/wordpress\/?page_id=6"},"modified":"2014-05-14T15:30:58","modified_gmt":"2014-05-14T15:30:58","slug":"etudier-a-l-etranger","status":"publish","type":"page","link":"http:\/\/www.blog-sejour-linguistique.fr\/sejours-linguistiques\/etudier-a-l-etranger\/","title":{"rendered":"\u00c9tudier \u00e0 l&rsquo;\u00e9tranger"},"content":{"rendered":"<p><img loading=\"lazy\" decoding=\"async\" class=\"aligncenter size-full wp-image-998\" title=\"etudier-etranger\" src=\"http:\/\/www.blog-sejour-linguistique.fr\/sejours-linguistiques\/wp-content\/uploads\/2008\/04\/etudier-etranger.jpg\" alt=\"etudier-etranger\" width=\"630\" height=\"180\" srcset=\"http:\/\/www.blog-sejour-linguistique.fr\/sejours-linguistiques\/wp-content\/uploads\/2008\/04\/etudier-etranger.jpg 630w, http:\/\/www.blog-sejour-linguistique.fr\/sejours-linguistiques\/wp-content\/uploads\/2008\/04\/etudier-etranger-300x85.jpg 300w\" sizes=\"auto, (max-width: 630px) 100vw, 630px\" \/><\/p>\n<p>Par <a href=\"http:\/\/www.activa-langues.com\/\" target=\"_blank\">\u00ab\u00a0\u00e9tudier \u00e0 l&rsquo;\u00e9tranger\u00a0\u00bb<\/a> on entend souvent des choses tr\u00e8s diff\u00e9rentes : je veux \u00e9tudier quelques temps pour me mettre \u00e0 niveau dans une langue, je veux partir faire une ann\u00e9e scolaire ou universitaire \u00e0 l&rsquo;\u00e9tranger pour vivre une nouvelle exp\u00e9rience, je souhaite poursuivre mes \u00e9tudes sup\u00e9rieures dans une <a href=\"http:\/\/www.activa-langues.com\/fr\/programme-en-ecole-de-langues-pour-l-anglais\/etudier-dans-une-universite\/\" target=\"_blank\">universit\u00e9<\/a> \u00e0 l&rsquo;\u00e9tranger&#8230;<\/p>\n<p>A chaque fois une r\u00e9ponse diff\u00e9rente existe&#8230;<\/p>\n<p>On peut partir \u00e9tudier \u00e0 l&rsquo;\u00e9tranger sans tr\u00e8s bien parler la langue du pays : dans ce cas il existe des programmes destin\u00e9s aux \u00e9trangers, qui sont ax\u00e9s essentiellement sur l&rsquo;apprensissage linguistique. Si vous voulez vraiment progresser, il est pr\u00e9f\u00e9rable de partir plus d&rsquo;un mois. Id\u00e9alement profiter de vos longues vacances pour vous immerger dans le pays et ne pas rentrer d\u00e8s que vous commencez \u00e0 vous sentir plus \u00e0 l&rsquo;aise.<\/p>\n<p>Pour r\u00e9sumer:\u00a0 id\u00e9alement 3 mois c&rsquo;est le minimum pour faire des progr\u00e8s signifiants.<\/p>\n<p>Ceux qui peuvent partir plus longtemps (ou ceux qui ont le niveau suffisant au bout de 3 mois) en profiteront pour pr\u00e9parer un examen ou un test de langue.<\/p>\n<p>L\u00e0 c&rsquo;est aussi suivant\u00a0 ce que vous souhaitez faire : vous voulez poursuivre des <a href=\"http:\/\/www.activa-langues.com\/fr\/programme-en-ecole-de-langues-pour-l-anglais\/etudier-dans-une-universite\/\" target=\"_blank\">\u00e9tudes dans une universit\u00e9<\/a> \u00e0 l&rsquo;\u00e9tranger ? Renseignez-vous sur les tests de langue demand\u00e9s par les universit\u00e9s que vous visez, et profiter de votre p\u00e9riode d&rsquo;apprentissage et mise \u00e0 niveau linguistique pour les pr\u00e9parer.<\/p>\n<p>Pour vous donner un id\u00e9e des programmes de <a href=\"http:\/\/www.activa-langues.com\/fr\/sejours-linguistiques-en-ecoles-de-langues-pour-l-anglais\/preparation-d-examens-ou-tests-de-langues\/\">pr\u00e9paration des examens et tests de langues<\/a> <a href=\"http:\/\/www.activa-langues.com\/fr\/sejours-linguistiques-en-ecoles-de-langues-pour-l-anglais\/preparation-d-examens-ou-tests-de-langues\/\">cliquez ici <\/a><\/p>\n<!-- AddThis Advanced Settings generic via filter on the_content --><!-- AddThis Share Buttons generic via filter on the_content -->","protected":false},"excerpt":{"rendered":"<p>Par \u00ab\u00a0\u00e9tudier \u00e0 l&rsquo;\u00e9tranger\u00a0\u00bb on entend souvent des choses tr\u00e8s diff\u00e9rentes : je veux \u00e9tudier quelques temps pour me mettre \u00e0 niveau dans une langue, je veux partir faire une ann\u00e9e scolaire ou universitaire \u00e0 l&rsquo;\u00e9tranger pour vivre une nouvelle <a class=\"more-link\" href=\"http:\/\/www.blog-sejour-linguistique.fr\/sejours-linguistiques\/etudier-a-l-etranger\/\">Continuer la lecture <span class=\"screen-reader-text\">  \u00c9tudier \u00e0 l&rsquo;\u00e9tranger<\/span><span class=\"meta-nav\">&rarr;<\/span><\/a><!-- AddThis Advanced Settings generic via filter on get_the_excerpt --><!-- AddThis Share Buttons generic via filter on get_the_excerpt --><\/p>\n","protected":false},"author":1,"featured_media":0,"parent":0,"menu_order":6,"comment_status":"closed","ping_status":"open","template":"","meta":{"ngg_post_thumbnail":0,"footnotes":""},"class_list":["post-6","page","type-page","status-publish","hentry"],"_links":{"self":[{"href":"http:\/\/www.blog-sejour-linguistique.fr\/sejours-linguistiques\/wp-json\/wp\/v2\/pages\/6","targetHints":{"allow":["GET"]}}],"collection":[{"href":"http:\/\/www.blog-sejour-linguistique.fr\/sejours-linguistiques\/wp-json\/wp\/v2\/pages"}],"about":[{"href":"http:\/\/www.blog-sejour-linguistique.fr\/sejours-linguistiques\/wp-json\/wp\/v2\/types\/page"}],"author":[{"embeddable":true,"href":"http:\/\/www.blog-sejour-linguistique.fr\/sejours-linguistiques\/wp-json\/wp\/v2\/users\/1"}],"replies":[{"embeddable":true,"href":"http:\/\/www.blog-sejour-linguistique.fr\/sejours-linguistiques\/wp-json\/wp\/v2\/comments?post=6"}],"version-history":[{"count":11,"href":"http:\/\/www.blog-sejour-linguistique.fr\/sejours-linguistiques\/wp-json\/wp\/v2\/pages\/6\/revisions"}],"predecessor-version":[{"id":1669,"href":"http:\/\/www.blog-sejour-linguistique.fr\/sejours-linguistiques\/wp-json\/wp\/v2\/pages\/6\/revisions\/1669"}],"wp:attachment":[{"href":"http:\/\/www.blog-sejour-linguistique.fr\/sejours-linguistiques\/wp-json\/wp\/v2\/media?parent=6"}],"curies":[{"name":"wp","href":"https:\/\/api.w.org\/{rel}","templated":true}]}}